{"id":1982,"date":"2023-09-20T15:11:53","date_gmt":"2023-09-20T18:11:53","guid":{"rendered":"https:\/\/tiendatool.com\/index.php\/product\/ingletadora-metabo-kgs-305-m-619305000\/"},"modified":"2024-10-14T14:01:14","modified_gmt":"2024-10-14T17:01:14","slug":"ingletadora-metabo-kgs-305-m-619305000","status":"publish","type":"product","link":"https:\/\/tiendatool.com\/index.php\/product\/ingletadora-metabo-kgs-305-m-619305000\/","title":{"rendered":"Ingletadora Metabo KGS 305 M (619305000)"},"content":{"rendered":"<p>Ingletadora (con funci\u00f3n de tracci\u00f3n) 2000W. Hoja de sierra \u00d8 305 x 30 mm. Capacidad de corte 90\u00b0\/90\u00b0: 305 x 105 mm. Capacidad de corte 45\u00b0\/45\u00b0: 205 x 67 mm. Aspiraci\u00f3n de viruta. Laser para indicar l\u00ednea de corte. Luz LED de trabajo. Pinza para fijaci\u00f3n de pieza.<\/p>\n","protected":false},"excerpt":{"rendered":"<p>Ingletadora (con funci\u00f3n de tracci\u00f3n) 2000W.<\/p>\n","protected":false},"featured_media":1981,"template":"","meta":{"_acf_changed":false},"product_cat":[215,227,256,352],"product_tag":[],"yoast_head":"<!-- This site is optimized with the Yoast SEO plugin v23.5 - https:\/\/yoast.com\/wordpress\/plugins\/seo\/ -->\n<title>Ingletadora Metabo KGS 305 M (619305000) - Tienda Tool<\/title>\n<meta name=\"robots\" content=\"index, follow, max-snippet:-1, max-image-preview:large, max-video-preview:-1\" \/>\n<link rel=\"canonical\" href=\"https:\/\/tiendatool.com\/index.php\/product\/ingletadora-metabo-kgs-305-m-619305000\/\" \/>\n<meta property=\"og:locale\" content=\"es_ES\" \/>\n<meta property=\"og:type\" content=\"article\" \/>\n<meta property=\"og:title\" content=\"Ingletadora Metabo KGS 305 M (619305000) - Tienda Tool\" \/>\n<meta property=\"og:description\" content=\"Ingletadora (con funci\u00f3n de tracci\u00f3n) 2000W.\" \/>\n<meta property=\"og:url\" content=\"https:\/\/tiendatool.com\/index.php\/product\/ingletadora-metabo-kgs-305-m-619305000\/\" \/>\n<meta property=\"og:site_name\" content=\"Tienda Tool\" \/>\n<meta property=\"article:modified_time\" content=\"2024-10-14T17:01:14+00:00\" \/>\n<meta property=\"og:image\" content=\"https:\/\/tiendatool.com\/wp-content\/uploads\/2023\/09\/6193050.png\" \/>\n\t<meta property=\"og:image:width\" content=\"600\" \/>\n\t<meta property=\"og:image:height\" content=\"600\" \/>\n\t<meta property=\"og:image:type\" content=\"image\/png\" \/>\n<meta name=\"twitter:card\" content=\"summary_large_image\" \/>\n<meta name=\"twitter:label1\" content=\"Tiempo de lectura\" \/>\n\t<meta name=\"twitter:data1\" content=\"1 minuto\" \/>\n<script type=\"application\/ld+json\" class=\"yoast-schema-graph\">{\"@context\":\"https:\/\/schema.org\",\"@graph\":[{\"@type\":\"WebPage\",\"@id\":\"https:\/\/tiendatool.com\/index.php\/product\/ingletadora-metabo-kgs-305-m-619305000\/\",\"url\":\"https:\/\/tiendatool.com\/index.php\/product\/ingletadora-metabo-kgs-305-m-619305000\/\",\"name\":\"Ingletadora Metabo KGS 305 M (619305000) - Tienda Tool\",\"isPartOf\":{\"@id\":\"https:\/\/tiendatool.com\/#website\"},\"primaryImageOfPage\":{\"@id\":\"https:\/\/tiendatool.com\/index.php\/product\/ingletadora-metabo-kgs-305-m-619305000\/#primaryimage\"},\"image\":{\"@id\":\"https:\/\/tiendatool.com\/index.php\/product\/ingletadora-metabo-kgs-305-m-619305000\/#primaryimage\"},\"thumbnailUrl\":\"https:\/\/tiendatool.com\/wp-content\/uploads\/2023\/09\/6193050.png\",\"datePublished\":\"2023-09-20T18:11:53+00:00\",\"dateModified\":\"2024-10-14T17:01:14+00:00\",\"breadcrumb\":{\"@id\":\"https:\/\/tiendatool.com\/index.php\/product\/ingletadora-metabo-kgs-305-m-619305000\/#breadcrumb\"},\"inLanguage\":\"es\",\"potentialAction\":[{\"@type\":\"ReadAction\",\"target\":[\"https:\/\/tiendatool.com\/index.php\/product\/ingletadora-metabo-kgs-305-m-619305000\/\"]}]},{\"@type\":\"ImageObject\",\"inLanguage\":\"es\",\"@id\":\"https:\/\/tiendatool.com\/index.php\/product\/ingletadora-metabo-kgs-305-m-619305000\/#primaryimage\",\"url\":\"https:\/\/tiendatool.com\/wp-content\/uploads\/2023\/09\/6193050.png\",\"contentUrl\":\"https:\/\/tiendatool.com\/wp-content\/uploads\/2023\/09\/6193050.png\",\"width\":600,\"height\":600},{\"@type\":\"BreadcrumbList\",\"@id\":\"https:\/\/tiendatool.com\/index.php\/product\/ingletadora-metabo-kgs-305-m-619305000\/#breadcrumb\",\"itemListElement\":[{\"@type\":\"ListItem\",\"position\":1,\"name\":\"Portada\",\"item\":\"https:\/\/tiendatool.com\/\"},{\"@type\":\"ListItem\",\"position\":2,\"name\":\"Shop\",\"item\":\"https:\/\/tiendatool.com\/index.php\/shop\/\"},{\"@type\":\"ListItem\",\"position\":3,\"name\":\"Ingletadora Metabo KGS 305 M (619305000)\"}]},{\"@type\":\"WebSite\",\"@id\":\"https:\/\/tiendatool.com\/#website\",\"url\":\"https:\/\/tiendatool.com\/\",\"name\":\"Tienda Tool\",\"description\":\"Todo el equipamiento que necesitas en Tienda Tool.\",\"alternateName\":\"Tienda Tool\",\"potentialAction\":[{\"@type\":\"SearchAction\",\"target\":{\"@type\":\"EntryPoint\",\"urlTemplate\":\"https:\/\/tiendatool.com\/?s={search_term_string}\"},\"query-input\":{\"@type\":\"PropertyValueSpecification\",\"valueRequired\":true,\"valueName\":\"search_term_string\"}}],\"inLanguage\":\"es\"}]}<\/script>\n<!-- \/ Yoast SEO plugin. -->","yoast_head_json":{"title":"Ingletadora Metabo KGS 305 M (619305000) - Tienda Tool","robots":{"index":"index","follow":"follow","max-snippet":"max-snippet:-1","max-image-preview":"max-image-preview:large","max-video-preview":"max-video-preview:-1"},"canonical":"https:\/\/tiendatool.com\/index.php\/product\/ingletadora-metabo-kgs-305-m-619305000\/","og_locale":"es_ES","og_type":"article","og_title":"Ingletadora Metabo KGS 305 M (619305000) - Tienda Tool","og_description":"Ingletadora (con funci\u00f3n de tracci\u00f3n) 2000W.","og_url":"https:\/\/tiendatool.com\/index.php\/product\/ingletadora-metabo-kgs-305-m-619305000\/","og_site_name":"Tienda Tool","article_modified_time":"2024-10-14T17:01:14+00:00","og_image":[{"width":600,"height":600,"url":"https:\/\/tiendatool.com\/wp-content\/uploads\/2023\/09\/6193050.png","type":"image\/png"}],"twitter_card":"summary_large_image","twitter_misc":{"Tiempo de lectura":"1 minuto"},"schema":{"@context":"https:\/\/schema.org","@graph":[{"@type":"WebPage","@id":"https:\/\/tiendatool.com\/index.php\/product\/ingletadora-metabo-kgs-305-m-619305000\/","url":"https:\/\/tiendatool.com\/index.php\/product\/ingletadora-metabo-kgs-305-m-619305000\/","name":"Ingletadora Metabo KGS 305 M (619305000) - Tienda Tool","isPartOf":{"@id":"https:\/\/tiendatool.com\/#website"},"primaryImageOfPage":{"@id":"https:\/\/tiendatool.com\/index.php\/product\/ingletadora-metabo-kgs-305-m-619305000\/#primaryimage"},"image":{"@id":"https:\/\/tiendatool.com\/index.php\/product\/ingletadora-metabo-kgs-305-m-619305000\/#primaryimage"},"thumbnailUrl":"https:\/\/tiendatool.com\/wp-content\/uploads\/2023\/09\/6193050.png","datePublished":"2023-09-20T18:11:53+00:00","dateModified":"2024-10-14T17:01:14+00:00","breadcrumb":{"@id":"https:\/\/tiendatool.com\/index.php\/product\/ingletadora-metabo-kgs-305-m-619305000\/#breadcrumb"},"inLanguage":"es","potentialAction":[{"@type":"ReadAction","target":["https:\/\/tiendatool.com\/index.php\/product\/ingletadora-metabo-kgs-305-m-619305000\/"]}]},{"@type":"ImageObject","inLanguage":"es","@id":"https:\/\/tiendatool.com\/index.php\/product\/ingletadora-metabo-kgs-305-m-619305000\/#primaryimage","url":"https:\/\/tiendatool.com\/wp-content\/uploads\/2023\/09\/6193050.png","contentUrl":"https:\/\/tiendatool.com\/wp-content\/uploads\/2023\/09\/6193050.png","width":600,"height":600},{"@type":"BreadcrumbList","@id":"https:\/\/tiendatool.com\/index.php\/product\/ingletadora-metabo-kgs-305-m-619305000\/#breadcrumb","itemListElement":[{"@type":"ListItem","position":1,"name":"Portada","item":"https:\/\/tiendatool.com\/"},{"@type":"ListItem","position":2,"name":"Shop","item":"https:\/\/tiendatool.com\/index.php\/shop\/"},{"@type":"ListItem","position":3,"name":"Ingletadora Metabo KGS 305 M (619305000)"}]},{"@type":"WebSite","@id":"https:\/\/tiendatool.com\/#website","url":"https:\/\/tiendatool.com\/","name":"Tienda Tool","description":"Todo el equipamiento que necesitas en Tienda Tool.","alternateName":"Tienda Tool","potentialAction":[{"@type":"SearchAction","target":{"@type":"EntryPoint","urlTemplate":"https:\/\/tiendatool.com\/?s={search_term_string}"},"query-input":{"@type":"PropertyValueSpecification","valueRequired":true,"valueName":"search_term_string"}}],"inLanguage":"es"}]}},"acf":[],"_links":{"self":[{"href":"https:\/\/tiendatool.com\/index.php\/wp-json\/wp\/v2\/product\/1982"}],"collection":[{"href":"https:\/\/tiendatool.com\/index.php\/wp-json\/wp\/v2\/product"}],"about":[{"href":"https:\/\/tiendatool.com\/index.php\/wp-json\/wp\/v2\/types\/product"}],"wp:featuredmedia":[{"embeddable":true,"href":"https:\/\/tiendatool.com\/index.php\/wp-json\/wp\/v2\/media\/1981"}],"wp:attachment":[{"href":"https:\/\/tiendatool.com\/index.php\/wp-json\/wp\/v2\/media?parent=1982"}],"wp:term":[{"taxonomy":"product_cat","embeddable":true,"href":"https:\/\/tiendatool.com\/index.php\/wp-json\/wp\/v2\/product_cat?post=1982"},{"taxonomy":"product_tag","embeddable":true,"href":"https:\/\/tiendatool.com\/index.php\/wp-json\/wp\/v2\/product_tag?post=1982"}],"curies":[{"name":"wp","href":"https:\/\/api.w.org\/{rel}","templated":true}]}}