{"id":2999,"date":"2023-09-29T12:54:44","date_gmt":"2023-09-29T15:54:44","guid":{"rendered":"https:\/\/tiendatool.com\/index.php\/product\/copa-diam-simple-7-tacti-grind-g45-582238960\/"},"modified":"2026-05-14T12:25:51","modified_gmt":"2026-05-14T15:25:51","slug":"copa-diam-simple-7-tacti-grind-g45-582238960","status":"publish","type":"product","link":"https:\/\/tiendatool.com\/index.php\/product\/copa-diam-simple-7-tacti-grind-g45-582238960\/","title":{"rendered":"Copa Diam. Simple 7&#8243; TACTI-GRIND G45 &#8211; 582238960"},"content":{"rendered":"<p>Tacti-Grind Single H forma parte de nuestra serie Bronce de discos de copa. Ofrece una excelente relaci\u00f3n rendimiento-precio, lo que la convierte en una opci\u00f3n ideal para uso ocasional. La forma del segmento de una sola fila proporciona una alta velocidad de eliminaci\u00f3n al trabajar con materiales duros.<\/p>\n","protected":false},"excerpt":{"rendered":"<p>Tacti-Grind Single H forma parte de nuestra serie Bronce de discos de copa. Ofrece una excelente relaci\u00f3n rendimiento-precio, lo que la convierte en una opci\u00f3n ideal para uso ocasional. La forma del segmento de una sola fila proporciona una alta velocidad de eliminaci\u00f3n al trabajar con materiales duros.<\/p>\n","protected":false},"featured_media":0,"template":"","meta":{"_acf_changed":false},"product_cat":[286],"product_tag":[],"yoast_head":"<!-- This site is optimized with the Yoast SEO plugin v23.5 - https:\/\/yoast.com\/wordpress\/plugins\/seo\/ -->\n<title>Copa Diam. Simple 7&quot; TACTI-GRIND G45 - 582238960 - Tienda Tool<\/title>\n<meta name=\"robots\" content=\"index, follow, max-snippet:-1, max-image-preview:large, max-video-preview:-1\" \/>\n<link rel=\"canonical\" href=\"https:\/\/tiendatool.com\/index.php\/product\/copa-diam-simple-7-tacti-grind-g45-582238960\/\" \/>\n<meta property=\"og:locale\" content=\"es_ES\" \/>\n<meta property=\"og:type\" content=\"article\" \/>\n<meta property=\"og:title\" content=\"Copa Diam. Simple 7&quot; TACTI-GRIND G45 - 582238960 - Tienda Tool\" \/>\n<meta property=\"og:description\" content=\"Tacti-Grind Single H forma parte de nuestra serie Bronce de discos de copa. Ofrece una excelente relaci\u00f3n rendimiento-precio, lo que la convierte en una opci\u00f3n ideal para uso ocasional. La forma del segmento de una sola fila proporciona una alta velocidad de eliminaci\u00f3n al trabajar con materiales duros.\" \/>\n<meta property=\"og:url\" content=\"https:\/\/tiendatool.com\/index.php\/product\/copa-diam-simple-7-tacti-grind-g45-582238960\/\" \/>\n<meta property=\"og:site_name\" content=\"Tienda Tool\" \/>\n<meta property=\"article:modified_time\" content=\"2026-05-14T15:25:51+00:00\" \/>\n<meta property=\"og:image\" content=\"https:\/\/tiendatool.com\/wp-content\/uploads\/2023\/08\/logo-tiendatool-100.png\" \/>\n\t<meta property=\"og:image:width\" content=\"250\" \/>\n\t<meta property=\"og:image:height\" content=\"100\" \/>\n\t<meta property=\"og:image:type\" content=\"image\/png\" \/>\n<meta name=\"twitter:card\" content=\"summary_large_image\" \/>\n<script type=\"application\/ld+json\" class=\"yoast-schema-graph\">{\"@context\":\"https:\/\/schema.org\",\"@graph\":[{\"@type\":\"WebPage\",\"@id\":\"https:\/\/tiendatool.com\/index.php\/product\/copa-diam-simple-7-tacti-grind-g45-582238960\/\",\"url\":\"https:\/\/tiendatool.com\/index.php\/product\/copa-diam-simple-7-tacti-grind-g45-582238960\/\",\"name\":\"Copa Diam. Simple 7\\\" TACTI-GRIND G45 - 582238960 - Tienda Tool\",\"isPartOf\":{\"@id\":\"https:\/\/tiendatool.com\/#website\"},\"datePublished\":\"2023-09-29T15:54:44+00:00\",\"dateModified\":\"2026-05-14T15:25:51+00:00\",\"breadcrumb\":{\"@id\":\"https:\/\/tiendatool.com\/index.php\/product\/copa-diam-simple-7-tacti-grind-g45-582238960\/#breadcrumb\"},\"inLanguage\":\"es\",\"potentialAction\":[{\"@type\":\"ReadAction\",\"target\":[\"https:\/\/tiendatool.com\/index.php\/product\/copa-diam-simple-7-tacti-grind-g45-582238960\/\"]}]},{\"@type\":\"BreadcrumbList\",\"@id\":\"https:\/\/tiendatool.com\/index.php\/product\/copa-diam-simple-7-tacti-grind-g45-582238960\/#breadcrumb\",\"itemListElement\":[{\"@type\":\"ListItem\",\"position\":1,\"name\":\"Portada\",\"item\":\"https:\/\/tiendatool.com\/\"},{\"@type\":\"ListItem\",\"position\":2,\"name\":\"Shop\",\"item\":\"https:\/\/tiendatool.com\/index.php\/shop\/\"},{\"@type\":\"ListItem\",\"position\":3,\"name\":\"Copa Diam. Simple 7&#8243; TACTI-GRIND G45 &#8211; 582238960\"}]},{\"@type\":\"WebSite\",\"@id\":\"https:\/\/tiendatool.com\/#website\",\"url\":\"https:\/\/tiendatool.com\/\",\"name\":\"Tienda Tool\",\"description\":\"Todo el equipamiento que necesitas en Tienda Tool.\",\"alternateName\":\"Tienda Tool\",\"potentialAction\":[{\"@type\":\"SearchAction\",\"target\":{\"@type\":\"EntryPoint\",\"urlTemplate\":\"https:\/\/tiendatool.com\/?s={search_term_string}\"},\"query-input\":{\"@type\":\"PropertyValueSpecification\",\"valueRequired\":true,\"valueName\":\"search_term_string\"}}],\"inLanguage\":\"es\"}]}<\/script>\n<!-- \/ Yoast SEO plugin. -->","yoast_head_json":{"title":"Copa Diam. Simple 7\" TACTI-GRIND G45 - 582238960 - Tienda Tool","robots":{"index":"index","follow":"follow","max-snippet":"max-snippet:-1","max-image-preview":"max-image-preview:large","max-video-preview":"max-video-preview:-1"},"canonical":"https:\/\/tiendatool.com\/index.php\/product\/copa-diam-simple-7-tacti-grind-g45-582238960\/","og_locale":"es_ES","og_type":"article","og_title":"Copa Diam. Simple 7\" TACTI-GRIND G45 - 582238960 - Tienda Tool","og_description":"Tacti-Grind Single H forma parte de nuestra serie Bronce de discos de copa. Ofrece una excelente relaci\u00f3n rendimiento-precio, lo que la convierte en una opci\u00f3n ideal para uso ocasional. La forma del segmento de una sola fila proporciona una alta velocidad de eliminaci\u00f3n al trabajar con materiales duros.","og_url":"https:\/\/tiendatool.com\/index.php\/product\/copa-diam-simple-7-tacti-grind-g45-582238960\/","og_site_name":"Tienda Tool","article_modified_time":"2026-05-14T15:25:51+00:00","og_image":[{"width":250,"height":100,"url":"https:\/\/tiendatool.com\/wp-content\/uploads\/2023\/08\/logo-tiendatool-100.png","type":"image\/png"}],"twitter_card":"summary_large_image","schema":{"@context":"https:\/\/schema.org","@graph":[{"@type":"WebPage","@id":"https:\/\/tiendatool.com\/index.php\/product\/copa-diam-simple-7-tacti-grind-g45-582238960\/","url":"https:\/\/tiendatool.com\/index.php\/product\/copa-diam-simple-7-tacti-grind-g45-582238960\/","name":"Copa Diam. Simple 7\" TACTI-GRIND G45 - 582238960 - Tienda Tool","isPartOf":{"@id":"https:\/\/tiendatool.com\/#website"},"datePublished":"2023-09-29T15:54:44+00:00","dateModified":"2026-05-14T15:25:51+00:00","breadcrumb":{"@id":"https:\/\/tiendatool.com\/index.php\/product\/copa-diam-simple-7-tacti-grind-g45-582238960\/#breadcrumb"},"inLanguage":"es","potentialAction":[{"@type":"ReadAction","target":["https:\/\/tiendatool.com\/index.php\/product\/copa-diam-simple-7-tacti-grind-g45-582238960\/"]}]},{"@type":"BreadcrumbList","@id":"https:\/\/tiendatool.com\/index.php\/product\/copa-diam-simple-7-tacti-grind-g45-582238960\/#breadcrumb","itemListElement":[{"@type":"ListItem","position":1,"name":"Portada","item":"https:\/\/tiendatool.com\/"},{"@type":"ListItem","position":2,"name":"Shop","item":"https:\/\/tiendatool.com\/index.php\/shop\/"},{"@type":"ListItem","position":3,"name":"Copa Diam. Simple 7&#8243; TACTI-GRIND G45 &#8211; 582238960"}]},{"@type":"WebSite","@id":"https:\/\/tiendatool.com\/#website","url":"https:\/\/tiendatool.com\/","name":"Tienda Tool","description":"Todo el equipamiento que necesitas en Tienda Tool.","alternateName":"Tienda Tool","potentialAction":[{"@type":"SearchAction","target":{"@type":"EntryPoint","urlTemplate":"https:\/\/tiendatool.com\/?s={search_term_string}"},"query-input":{"@type":"PropertyValueSpecification","valueRequired":true,"valueName":"search_term_string"}}],"inLanguage":"es"}]}},"acf":[],"_links":{"self":[{"href":"https:\/\/tiendatool.com\/index.php\/wp-json\/wp\/v2\/product\/2999"}],"collection":[{"href":"https:\/\/tiendatool.com\/index.php\/wp-json\/wp\/v2\/product"}],"about":[{"href":"https:\/\/tiendatool.com\/index.php\/wp-json\/wp\/v2\/types\/product"}],"wp:attachment":[{"href":"https:\/\/tiendatool.com\/index.php\/wp-json\/wp\/v2\/media?parent=2999"}],"wp:term":[{"taxonomy":"product_cat","embeddable":true,"href":"https:\/\/tiendatool.com\/index.php\/wp-json\/wp\/v2\/product_cat?post=2999"},{"taxonomy":"product_tag","embeddable":true,"href":"https:\/\/tiendatool.com\/index.php\/wp-json\/wp\/v2\/product_tag?post=2999"}],"curies":[{"name":"wp","href":"https:\/\/api.w.org\/{rel}","templated":true}]}}