{"id":3348,"date":"2023-09-29T12:58:41","date_gmt":"2023-09-29T15:58:41","guid":{"rendered":"https:\/\/tiendatool.com\/index.php\/product\/disco-sierra-power-cut-wood-pro-190x30-d16-dp\/"},"modified":"2026-05-14T12:25:50","modified_gmt":"2026-05-14T15:25:50","slug":"disco-sierra-power-cut-wood-pro-190x30-d16-dp","status":"publish","type":"product","link":"https:\/\/tiendatool.com\/index.php\/product\/disco-sierra-power-cut-wood-pro-190x30-d16-dp\/","title":{"rendered":"DISCO SIERRA POWER CUT WOOD &#8211; PRO. 190X30. D16 DP"},"content":{"rendered":"<p>Los discos PowerCut Wood PRO est\u00e1n est\u00e1n dise\u00f1ados para ofrecer cortes bastos y semifinos en madera maciza, incluso con clavos o impurezas. Gracias a su dise\u00f1o liviano, espesor reducido y dientes profundos tipo DP, permiten mayor cantidad de cortes por carga de bater\u00eda, sin comprometer la calidad ni la seguridad. Son la soluci\u00f3n ideal para trabajos en obra, montaje y carpinter\u00eda donde se requiere movilidad, rapidez y confiabilidad.<br \/>\nSierra circular KS 66-190 KS 66-190<\/p>\n","protected":false},"excerpt":{"rendered":"<p>Los discos PowerCut Wood PRO est\u00e1n est\u00e1n dise\u00f1ados para ofrecer cortes bastos y semifinos en madera maciza, incluso con clavos o impurezas. Gracias a su dise\u00f1o liviano, espesor reducido y dientes profundos tipo DP, permiten mayor cantidad de cortes por carga de bater\u00eda, sin comprometer la calidad ni la seguridad.&hellip;<\/p>\n","protected":false},"featured_media":0,"template":"","meta":{"_acf_changed":false},"product_cat":[286],"product_tag":[],"yoast_head":"<!-- This site is optimized with the Yoast SEO plugin v23.5 - https:\/\/yoast.com\/wordpress\/plugins\/seo\/ -->\n<title>DISCO SIERRA POWER CUT WOOD - PRO. 190X30. D16 DP - Tienda Tool<\/title>\n<meta name=\"robots\" content=\"index, follow, max-snippet:-1, max-image-preview:large, max-video-preview:-1\" \/>\n<link rel=\"canonical\" href=\"https:\/\/tiendatool.com\/index.php\/product\/disco-sierra-power-cut-wood-pro-190x30-d16-dp\/\" \/>\n<meta property=\"og:locale\" content=\"es_ES\" \/>\n<meta property=\"og:type\" content=\"article\" \/>\n<meta property=\"og:title\" content=\"DISCO SIERRA POWER CUT WOOD - PRO. 190X30. D16 DP - Tienda Tool\" \/>\n<meta property=\"og:description\" content=\"Los discos PowerCut Wood PRO est\u00e1n est\u00e1n dise\u00f1ados para ofrecer cortes bastos y semifinos en madera maciza, incluso con clavos o impurezas. Gracias a su dise\u00f1o liviano, espesor reducido y dientes profundos tipo DP, permiten mayor cantidad de cortes por carga de bater\u00eda, sin comprometer la calidad ni la seguridad.&hellip;\" \/>\n<meta property=\"og:url\" content=\"https:\/\/tiendatool.com\/index.php\/product\/disco-sierra-power-cut-wood-pro-190x30-d16-dp\/\" \/>\n<meta property=\"og:site_name\" content=\"Tienda Tool\" \/>\n<meta property=\"article:modified_time\" content=\"2026-05-14T15:25:50+00:00\" \/>\n<meta property=\"og:image\" content=\"https:\/\/tiendatool.com\/wp-content\/uploads\/2023\/08\/logo-tiendatool-100.png\" \/>\n\t<meta property=\"og:image:width\" content=\"250\" \/>\n\t<meta property=\"og:image:height\" content=\"100\" \/>\n\t<meta property=\"og:image:type\" content=\"image\/png\" \/>\n<meta name=\"twitter:card\" content=\"summary_large_image\" \/>\n<script type=\"application\/ld+json\" class=\"yoast-schema-graph\">{\"@context\":\"https:\/\/schema.org\",\"@graph\":[{\"@type\":\"WebPage\",\"@id\":\"https:\/\/tiendatool.com\/index.php\/product\/disco-sierra-power-cut-wood-pro-190x30-d16-dp\/\",\"url\":\"https:\/\/tiendatool.com\/index.php\/product\/disco-sierra-power-cut-wood-pro-190x30-d16-dp\/\",\"name\":\"DISCO SIERRA POWER CUT WOOD - PRO. 190X30. D16 DP - Tienda Tool\",\"isPartOf\":{\"@id\":\"https:\/\/tiendatool.com\/#website\"},\"datePublished\":\"2023-09-29T15:58:41+00:00\",\"dateModified\":\"2026-05-14T15:25:50+00:00\",\"breadcrumb\":{\"@id\":\"https:\/\/tiendatool.com\/index.php\/product\/disco-sierra-power-cut-wood-pro-190x30-d16-dp\/#breadcrumb\"},\"inLanguage\":\"es\",\"potentialAction\":[{\"@type\":\"ReadAction\",\"target\":[\"https:\/\/tiendatool.com\/index.php\/product\/disco-sierra-power-cut-wood-pro-190x30-d16-dp\/\"]}]},{\"@type\":\"BreadcrumbList\",\"@id\":\"https:\/\/tiendatool.com\/index.php\/product\/disco-sierra-power-cut-wood-pro-190x30-d16-dp\/#breadcrumb\",\"itemListElement\":[{\"@type\":\"ListItem\",\"position\":1,\"name\":\"Portada\",\"item\":\"https:\/\/tiendatool.com\/\"},{\"@type\":\"ListItem\",\"position\":2,\"name\":\"Shop\",\"item\":\"https:\/\/tiendatool.com\/index.php\/shop\/\"},{\"@type\":\"ListItem\",\"position\":3,\"name\":\"DISCO SIERRA POWER CUT WOOD &#8211; PRO. 190X30. D16 DP\"}]},{\"@type\":\"WebSite\",\"@id\":\"https:\/\/tiendatool.com\/#website\",\"url\":\"https:\/\/tiendatool.com\/\",\"name\":\"Tienda Tool\",\"description\":\"Todo el equipamiento que necesitas en Tienda Tool.\",\"alternateName\":\"Tienda Tool\",\"potentialAction\":[{\"@type\":\"SearchAction\",\"target\":{\"@type\":\"EntryPoint\",\"urlTemplate\":\"https:\/\/tiendatool.com\/?s={search_term_string}\"},\"query-input\":{\"@type\":\"PropertyValueSpecification\",\"valueRequired\":true,\"valueName\":\"search_term_string\"}}],\"inLanguage\":\"es\"}]}<\/script>\n<!-- \/ Yoast SEO plugin. -->","yoast_head_json":{"title":"DISCO SIERRA POWER CUT WOOD - PRO. 190X30. D16 DP - Tienda Tool","robots":{"index":"index","follow":"follow","max-snippet":"max-snippet:-1","max-image-preview":"max-image-preview:large","max-video-preview":"max-video-preview:-1"},"canonical":"https:\/\/tiendatool.com\/index.php\/product\/disco-sierra-power-cut-wood-pro-190x30-d16-dp\/","og_locale":"es_ES","og_type":"article","og_title":"DISCO SIERRA POWER CUT WOOD - PRO. 190X30. D16 DP - Tienda Tool","og_description":"Los discos PowerCut Wood PRO est\u00e1n est\u00e1n dise\u00f1ados para ofrecer cortes bastos y semifinos en madera maciza, incluso con clavos o impurezas. Gracias a su dise\u00f1o liviano, espesor reducido y dientes profundos tipo DP, permiten mayor cantidad de cortes por carga de bater\u00eda, sin comprometer la calidad ni la seguridad.&hellip;","og_url":"https:\/\/tiendatool.com\/index.php\/product\/disco-sierra-power-cut-wood-pro-190x30-d16-dp\/","og_site_name":"Tienda Tool","article_modified_time":"2026-05-14T15:25:50+00:00","og_image":[{"width":250,"height":100,"url":"https:\/\/tiendatool.com\/wp-content\/uploads\/2023\/08\/logo-tiendatool-100.png","type":"image\/png"}],"twitter_card":"summary_large_image","schema":{"@context":"https:\/\/schema.org","@graph":[{"@type":"WebPage","@id":"https:\/\/tiendatool.com\/index.php\/product\/disco-sierra-power-cut-wood-pro-190x30-d16-dp\/","url":"https:\/\/tiendatool.com\/index.php\/product\/disco-sierra-power-cut-wood-pro-190x30-d16-dp\/","name":"DISCO SIERRA POWER CUT WOOD - PRO. 190X30. D16 DP - Tienda Tool","isPartOf":{"@id":"https:\/\/tiendatool.com\/#website"},"datePublished":"2023-09-29T15:58:41+00:00","dateModified":"2026-05-14T15:25:50+00:00","breadcrumb":{"@id":"https:\/\/tiendatool.com\/index.php\/product\/disco-sierra-power-cut-wood-pro-190x30-d16-dp\/#breadcrumb"},"inLanguage":"es","potentialAction":[{"@type":"ReadAction","target":["https:\/\/tiendatool.com\/index.php\/product\/disco-sierra-power-cut-wood-pro-190x30-d16-dp\/"]}]},{"@type":"BreadcrumbList","@id":"https:\/\/tiendatool.com\/index.php\/product\/disco-sierra-power-cut-wood-pro-190x30-d16-dp\/#breadcrumb","itemListElement":[{"@type":"ListItem","position":1,"name":"Portada","item":"https:\/\/tiendatool.com\/"},{"@type":"ListItem","position":2,"name":"Shop","item":"https:\/\/tiendatool.com\/index.php\/shop\/"},{"@type":"ListItem","position":3,"name":"DISCO SIERRA POWER CUT WOOD &#8211; PRO. 190X30. D16 DP"}]},{"@type":"WebSite","@id":"https:\/\/tiendatool.com\/#website","url":"https:\/\/tiendatool.com\/","name":"Tienda Tool","description":"Todo el equipamiento que necesitas en Tienda Tool.","alternateName":"Tienda Tool","potentialAction":[{"@type":"SearchAction","target":{"@type":"EntryPoint","urlTemplate":"https:\/\/tiendatool.com\/?s={search_term_string}"},"query-input":{"@type":"PropertyValueSpecification","valueRequired":true,"valueName":"search_term_string"}}],"inLanguage":"es"}]}},"acf":[],"_links":{"self":[{"href":"https:\/\/tiendatool.com\/index.php\/wp-json\/wp\/v2\/product\/3348"}],"collection":[{"href":"https:\/\/tiendatool.com\/index.php\/wp-json\/wp\/v2\/product"}],"about":[{"href":"https:\/\/tiendatool.com\/index.php\/wp-json\/wp\/v2\/types\/product"}],"wp:attachment":[{"href":"https:\/\/tiendatool.com\/index.php\/wp-json\/wp\/v2\/media?parent=3348"}],"wp:term":[{"taxonomy":"product_cat","embeddable":true,"href":"https:\/\/tiendatool.com\/index.php\/wp-json\/wp\/v2\/product_cat?post=3348"},{"taxonomy":"product_tag","embeddable":true,"href":"https:\/\/tiendatool.com\/index.php\/wp-json\/wp\/v2\/product_tag?post=3348"}],"curies":[{"name":"wp","href":"https:\/\/api.w.org\/{rel}","templated":true}]}}