{"id":3369,"date":"2023-09-29T12:58:49","date_gmt":"2023-09-29T15:58:49","guid":{"rendered":"https:\/\/tiendatool.com\/index.php\/product\/disco-precisioncutclassic-254x30-48wz-5aneg-b\/"},"modified":"2026-05-14T12:25:50","modified_gmt":"2026-05-14T15:25:50","slug":"disco-precisioncutclassic-254x30-48wz-5aneg-b","status":"publish","type":"product","link":"https:\/\/tiendatool.com\/index.php\/product\/disco-precisioncutclassic-254x30-48wz-5aneg-b\/","title":{"rendered":"Disco PrecisionCutClassic 254&#215;30 48WZ 5\u00c2\u00b0neg\/ B"},"content":{"rendered":"<p>Los discos PrecisionCutClassic de Metabo est\u00e1n dise\u00f1ados para ofrecer un rendimiento superior en aplicaciones donde la precisi\u00f3n del corte y la calidad del acabado son fundamentales. Gracias a su geometr\u00eda optimizada y materiales de alta calidad, estos discos son la elecci\u00f3n ideal para profesionales de la carpinter\u00eda, montaje de interiores y trabajos en madera t\u00e9cnica.<br \/>\nIngletadora KGS 254 <\/p>\n","protected":false},"excerpt":{"rendered":"<p>Los discos PrecisionCutClassic de Metabo est\u00e1n dise\u00f1ados para ofrecer un rendimiento superior en aplicaciones donde la precisi\u00f3n del corte y la calidad del acabado son fundamentales. Gracias a su geometr\u00eda optimizada y materiales de alta calidad, estos discos son la elecci\u00f3n ideal para profesionales de la carpinter\u00eda, montaje de interiores&hellip;<\/p>\n","protected":false},"featured_media":0,"template":"","meta":{"_acf_changed":false},"product_cat":[286],"product_tag":[],"yoast_head":"<!-- This site is optimized with the Yoast SEO plugin v23.5 - https:\/\/yoast.com\/wordpress\/plugins\/seo\/ -->\n<title>Disco PrecisionCutClassic 254x30 48WZ 5\u00c2\u00b0neg\/ B - Tienda Tool<\/title>\n<meta name=\"robots\" content=\"index, follow, max-snippet:-1, max-image-preview:large, max-video-preview:-1\" \/>\n<link rel=\"canonical\" href=\"https:\/\/tiendatool.com\/index.php\/product\/disco-precisioncutclassic-254x30-48wz-5aneg-b\/\" \/>\n<meta property=\"og:locale\" content=\"es_ES\" \/>\n<meta property=\"og:type\" content=\"article\" \/>\n<meta property=\"og:title\" content=\"Disco PrecisionCutClassic 254x30 48WZ 5\u00c2\u00b0neg\/ B - Tienda Tool\" \/>\n<meta property=\"og:description\" content=\"Los discos PrecisionCutClassic de Metabo est\u00e1n dise\u00f1ados para ofrecer un rendimiento superior en aplicaciones donde la precisi\u00f3n del corte y la calidad del acabado son fundamentales. Gracias a su geometr\u00eda optimizada y materiales de alta calidad, estos discos son la elecci\u00f3n ideal para profesionales de la carpinter\u00eda, montaje de interiores&hellip;\" \/>\n<meta property=\"og:url\" content=\"https:\/\/tiendatool.com\/index.php\/product\/disco-precisioncutclassic-254x30-48wz-5aneg-b\/\" \/>\n<meta property=\"og:site_name\" content=\"Tienda Tool\" \/>\n<meta property=\"article:modified_time\" content=\"2026-05-14T15:25:50+00:00\" \/>\n<meta property=\"og:image\" content=\"https:\/\/tiendatool.com\/wp-content\/uploads\/2023\/08\/logo-tiendatool-100.png\" \/>\n\t<meta property=\"og:image:width\" content=\"250\" \/>\n\t<meta property=\"og:image:height\" content=\"100\" \/>\n\t<meta property=\"og:image:type\" content=\"image\/png\" \/>\n<meta name=\"twitter:card\" content=\"summary_large_image\" \/>\n<script type=\"application\/ld+json\" class=\"yoast-schema-graph\">{\"@context\":\"https:\/\/schema.org\",\"@graph\":[{\"@type\":\"WebPage\",\"@id\":\"https:\/\/tiendatool.com\/index.php\/product\/disco-precisioncutclassic-254x30-48wz-5aneg-b\/\",\"url\":\"https:\/\/tiendatool.com\/index.php\/product\/disco-precisioncutclassic-254x30-48wz-5aneg-b\/\",\"name\":\"Disco PrecisionCutClassic 254x30 48WZ 5\u00c2\u00b0neg\/ B - Tienda Tool\",\"isPartOf\":{\"@id\":\"https:\/\/tiendatool.com\/#website\"},\"datePublished\":\"2023-09-29T15:58:49+00:00\",\"dateModified\":\"2026-05-14T15:25:50+00:00\",\"breadcrumb\":{\"@id\":\"https:\/\/tiendatool.com\/index.php\/product\/disco-precisioncutclassic-254x30-48wz-5aneg-b\/#breadcrumb\"},\"inLanguage\":\"es\",\"potentialAction\":[{\"@type\":\"ReadAction\",\"target\":[\"https:\/\/tiendatool.com\/index.php\/product\/disco-precisioncutclassic-254x30-48wz-5aneg-b\/\"]}]},{\"@type\":\"BreadcrumbList\",\"@id\":\"https:\/\/tiendatool.com\/index.php\/product\/disco-precisioncutclassic-254x30-48wz-5aneg-b\/#breadcrumb\",\"itemListElement\":[{\"@type\":\"ListItem\",\"position\":1,\"name\":\"Portada\",\"item\":\"https:\/\/tiendatool.com\/\"},{\"@type\":\"ListItem\",\"position\":2,\"name\":\"Shop\",\"item\":\"https:\/\/tiendatool.com\/index.php\/shop\/\"},{\"@type\":\"ListItem\",\"position\":3,\"name\":\"Disco PrecisionCutClassic 254&#215;30 48WZ 5\u00c2\u00b0neg\/ B\"}]},{\"@type\":\"WebSite\",\"@id\":\"https:\/\/tiendatool.com\/#website\",\"url\":\"https:\/\/tiendatool.com\/\",\"name\":\"Tienda Tool\",\"description\":\"Todo el equipamiento que necesitas en Tienda Tool.\",\"alternateName\":\"Tienda Tool\",\"potentialAction\":[{\"@type\":\"SearchAction\",\"target\":{\"@type\":\"EntryPoint\",\"urlTemplate\":\"https:\/\/tiendatool.com\/?s={search_term_string}\"},\"query-input\":{\"@type\":\"PropertyValueSpecification\",\"valueRequired\":true,\"valueName\":\"search_term_string\"}}],\"inLanguage\":\"es\"}]}<\/script>\n<!-- \/ Yoast SEO plugin. -->","yoast_head_json":{"title":"Disco PrecisionCutClassic 254x30 48WZ 5\u00c2\u00b0neg\/ B - Tienda Tool","robots":{"index":"index","follow":"follow","max-snippet":"max-snippet:-1","max-image-preview":"max-image-preview:large","max-video-preview":"max-video-preview:-1"},"canonical":"https:\/\/tiendatool.com\/index.php\/product\/disco-precisioncutclassic-254x30-48wz-5aneg-b\/","og_locale":"es_ES","og_type":"article","og_title":"Disco PrecisionCutClassic 254x30 48WZ 5\u00c2\u00b0neg\/ B - Tienda Tool","og_description":"Los discos PrecisionCutClassic de Metabo est\u00e1n dise\u00f1ados para ofrecer un rendimiento superior en aplicaciones donde la precisi\u00f3n del corte y la calidad del acabado son fundamentales. Gracias a su geometr\u00eda optimizada y materiales de alta calidad, estos discos son la elecci\u00f3n ideal para profesionales de la carpinter\u00eda, montaje de interiores&hellip;","og_url":"https:\/\/tiendatool.com\/index.php\/product\/disco-precisioncutclassic-254x30-48wz-5aneg-b\/","og_site_name":"Tienda Tool","article_modified_time":"2026-05-14T15:25:50+00:00","og_image":[{"width":250,"height":100,"url":"https:\/\/tiendatool.com\/wp-content\/uploads\/2023\/08\/logo-tiendatool-100.png","type":"image\/png"}],"twitter_card":"summary_large_image","schema":{"@context":"https:\/\/schema.org","@graph":[{"@type":"WebPage","@id":"https:\/\/tiendatool.com\/index.php\/product\/disco-precisioncutclassic-254x30-48wz-5aneg-b\/","url":"https:\/\/tiendatool.com\/index.php\/product\/disco-precisioncutclassic-254x30-48wz-5aneg-b\/","name":"Disco PrecisionCutClassic 254x30 48WZ 5\u00c2\u00b0neg\/ B - Tienda Tool","isPartOf":{"@id":"https:\/\/tiendatool.com\/#website"},"datePublished":"2023-09-29T15:58:49+00:00","dateModified":"2026-05-14T15:25:50+00:00","breadcrumb":{"@id":"https:\/\/tiendatool.com\/index.php\/product\/disco-precisioncutclassic-254x30-48wz-5aneg-b\/#breadcrumb"},"inLanguage":"es","potentialAction":[{"@type":"ReadAction","target":["https:\/\/tiendatool.com\/index.php\/product\/disco-precisioncutclassic-254x30-48wz-5aneg-b\/"]}]},{"@type":"BreadcrumbList","@id":"https:\/\/tiendatool.com\/index.php\/product\/disco-precisioncutclassic-254x30-48wz-5aneg-b\/#breadcrumb","itemListElement":[{"@type":"ListItem","position":1,"name":"Portada","item":"https:\/\/tiendatool.com\/"},{"@type":"ListItem","position":2,"name":"Shop","item":"https:\/\/tiendatool.com\/index.php\/shop\/"},{"@type":"ListItem","position":3,"name":"Disco PrecisionCutClassic 254&#215;30 48WZ 5\u00c2\u00b0neg\/ B"}]},{"@type":"WebSite","@id":"https:\/\/tiendatool.com\/#website","url":"https:\/\/tiendatool.com\/","name":"Tienda Tool","description":"Todo el equipamiento que necesitas en Tienda Tool.","alternateName":"Tienda Tool","potentialAction":[{"@type":"SearchAction","target":{"@type":"EntryPoint","urlTemplate":"https:\/\/tiendatool.com\/?s={search_term_string}"},"query-input":{"@type":"PropertyValueSpecification","valueRequired":true,"valueName":"search_term_string"}}],"inLanguage":"es"}]}},"acf":[],"_links":{"self":[{"href":"https:\/\/tiendatool.com\/index.php\/wp-json\/wp\/v2\/product\/3369"}],"collection":[{"href":"https:\/\/tiendatool.com\/index.php\/wp-json\/wp\/v2\/product"}],"about":[{"href":"https:\/\/tiendatool.com\/index.php\/wp-json\/wp\/v2\/types\/product"}],"wp:attachment":[{"href":"https:\/\/tiendatool.com\/index.php\/wp-json\/wp\/v2\/media?parent=3369"}],"wp:term":[{"taxonomy":"product_cat","embeddable":true,"href":"https:\/\/tiendatool.com\/index.php\/wp-json\/wp\/v2\/product_cat?post=3369"},{"taxonomy":"product_tag","embeddable":true,"href":"https:\/\/tiendatool.com\/index.php\/wp-json\/wp\/v2\/product_tag?post=3369"}],"curies":[{"name":"wp","href":"https:\/\/api.w.org\/{rel}","templated":true}]}}