{"id":3388,"date":"2023-09-29T12:59:01","date_gmt":"2023-09-29T15:59:01","guid":{"rendered":"https:\/\/tiendatool.com\/index.php\/product\/aceite-hva-cadena-bio-x-guard-1l-596457301-x12\/"},"modified":"2026-05-14T12:25:50","modified_gmt":"2026-05-14T15:25:50","slug":"aceite-hva-cadena-bio-x-guard-1l-596457301-x12","status":"publish","type":"product","link":"https:\/\/tiendatool.com\/index.php\/product\/aceite-hva-cadena-bio-x-guard-1l-596457301-x12\/","title":{"rendered":"Aceite Hva Cadena Bio X-GUARD 1L 596457301 (x12)"},"content":{"rendered":"<p>El aceite para cadenas X-GUARD BIO de Husqvarna es un aceite para cadenas biol\u00f3gicas de primera calidad, basado en materias primas renovables. X-GUARD BIO se recomienda como aceite para cadenas durante todo el a\u00f1o con una lubricaci\u00f3n y pegajosidad de primera clase. Gracias a la pegajosidad se puede reducir el consumo de aceite sin riesgo de aumentar el desgaste. Tambi\u00e9n deja cantidades m\u00ednimas de residuos en la m\u00e1quina. X-GUARD BIO tiene un \u00edndice de viscosidad extremadamente alto, lo que significa que la viscosidad var\u00eda menos con la temperatura y el aceite de cadena funciona excelente tambi\u00e9n en condiciones de fr\u00edo. El aceite para cadenas X-GUARD BIO exhibe muy buenas propiedades anticorrosivas que brindan una muy buena estabilidad de almacenamiento despu\u00e9s del uso de los productos. El producto es f\u00e1cilmente biodegradable en el suelo y el agua y no es t\u00f3xico para los seres humanos ni para el medio ambiente. La certificaci\u00f3n EU Ecolabel hace que sea sencillo saber que el producto es respetuoso con el medio ambiente y de buena calidad.<\/p>\n","protected":false},"excerpt":{"rendered":"<p>El aceite para cadenas X-GUARD BIO de Husqvarna es un aceite para cadenas biol\u00f3gicas de primera calidad, basado en materias primas renovables. X-GUARD BIO se recomienda como aceite para cadenas durante todo el a\u00f1o con una lubricaci\u00f3n y pegajosidad de primera clase. Gracias a la pegajosidad se puede reducir el&hellip;<\/p>\n","protected":false},"featured_media":0,"template":"","meta":{"_acf_changed":false},"product_cat":[286],"product_tag":[],"yoast_head":"<!-- This site is optimized with the Yoast SEO plugin v23.5 - https:\/\/yoast.com\/wordpress\/plugins\/seo\/ -->\n<title>Aceite Hva Cadena Bio X-GUARD 1L 596457301 (x12) - Tienda Tool<\/title>\n<meta name=\"robots\" content=\"index, follow, max-snippet:-1, max-image-preview:large, max-video-preview:-1\" \/>\n<link rel=\"canonical\" href=\"https:\/\/tiendatool.com\/index.php\/product\/aceite-hva-cadena-bio-x-guard-1l-596457301-x12\/\" \/>\n<meta property=\"og:locale\" content=\"es_ES\" \/>\n<meta property=\"og:type\" content=\"article\" \/>\n<meta property=\"og:title\" content=\"Aceite Hva Cadena Bio X-GUARD 1L 596457301 (x12) - Tienda Tool\" \/>\n<meta property=\"og:description\" content=\"El aceite para cadenas X-GUARD BIO de Husqvarna es un aceite para cadenas biol\u00f3gicas de primera calidad, basado en materias primas renovables. X-GUARD BIO se recomienda como aceite para cadenas durante todo el a\u00f1o con una lubricaci\u00f3n y pegajosidad de primera clase. Gracias a la pegajosidad se puede reducir el&hellip;\" \/>\n<meta property=\"og:url\" content=\"https:\/\/tiendatool.com\/index.php\/product\/aceite-hva-cadena-bio-x-guard-1l-596457301-x12\/\" \/>\n<meta property=\"og:site_name\" content=\"Tienda Tool\" \/>\n<meta property=\"article:modified_time\" content=\"2026-05-14T15:25:50+00:00\" \/>\n<meta property=\"og:image\" content=\"https:\/\/tiendatool.com\/wp-content\/uploads\/2023\/08\/logo-tiendatool-100.png\" \/>\n\t<meta property=\"og:image:width\" content=\"250\" \/>\n\t<meta property=\"og:image:height\" content=\"100\" \/>\n\t<meta property=\"og:image:type\" content=\"image\/png\" \/>\n<meta name=\"twitter:card\" content=\"summary_large_image\" \/>\n<meta name=\"twitter:label1\" content=\"Tiempo de lectura\" \/>\n\t<meta name=\"twitter:data1\" content=\"1 minuto\" \/>\n<script type=\"application\/ld+json\" class=\"yoast-schema-graph\">{\"@context\":\"https:\/\/schema.org\",\"@graph\":[{\"@type\":\"WebPage\",\"@id\":\"https:\/\/tiendatool.com\/index.php\/product\/aceite-hva-cadena-bio-x-guard-1l-596457301-x12\/\",\"url\":\"https:\/\/tiendatool.com\/index.php\/product\/aceite-hva-cadena-bio-x-guard-1l-596457301-x12\/\",\"name\":\"Aceite Hva Cadena Bio X-GUARD 1L 596457301 (x12) - Tienda Tool\",\"isPartOf\":{\"@id\":\"https:\/\/tiendatool.com\/#website\"},\"datePublished\":\"2023-09-29T15:59:01+00:00\",\"dateModified\":\"2026-05-14T15:25:50+00:00\",\"breadcrumb\":{\"@id\":\"https:\/\/tiendatool.com\/index.php\/product\/aceite-hva-cadena-bio-x-guard-1l-596457301-x12\/#breadcrumb\"},\"inLanguage\":\"es\",\"potentialAction\":[{\"@type\":\"ReadAction\",\"target\":[\"https:\/\/tiendatool.com\/index.php\/product\/aceite-hva-cadena-bio-x-guard-1l-596457301-x12\/\"]}]},{\"@type\":\"BreadcrumbList\",\"@id\":\"https:\/\/tiendatool.com\/index.php\/product\/aceite-hva-cadena-bio-x-guard-1l-596457301-x12\/#breadcrumb\",\"itemListElement\":[{\"@type\":\"ListItem\",\"position\":1,\"name\":\"Portada\",\"item\":\"https:\/\/tiendatool.com\/\"},{\"@type\":\"ListItem\",\"position\":2,\"name\":\"Shop\",\"item\":\"https:\/\/tiendatool.com\/index.php\/shop\/\"},{\"@type\":\"ListItem\",\"position\":3,\"name\":\"Aceite Hva Cadena Bio X-GUARD 1L 596457301 (x12)\"}]},{\"@type\":\"WebSite\",\"@id\":\"https:\/\/tiendatool.com\/#website\",\"url\":\"https:\/\/tiendatool.com\/\",\"name\":\"Tienda Tool\",\"description\":\"Todo el equipamiento que necesitas en Tienda Tool.\",\"alternateName\":\"Tienda Tool\",\"potentialAction\":[{\"@type\":\"SearchAction\",\"target\":{\"@type\":\"EntryPoint\",\"urlTemplate\":\"https:\/\/tiendatool.com\/?s={search_term_string}\"},\"query-input\":{\"@type\":\"PropertyValueSpecification\",\"valueRequired\":true,\"valueName\":\"search_term_string\"}}],\"inLanguage\":\"es\"}]}<\/script>\n<!-- \/ Yoast SEO plugin. -->","yoast_head_json":{"title":"Aceite Hva Cadena Bio X-GUARD 1L 596457301 (x12) - Tienda Tool","robots":{"index":"index","follow":"follow","max-snippet":"max-snippet:-1","max-image-preview":"max-image-preview:large","max-video-preview":"max-video-preview:-1"},"canonical":"https:\/\/tiendatool.com\/index.php\/product\/aceite-hva-cadena-bio-x-guard-1l-596457301-x12\/","og_locale":"es_ES","og_type":"article","og_title":"Aceite Hva Cadena Bio X-GUARD 1L 596457301 (x12) - Tienda Tool","og_description":"El aceite para cadenas X-GUARD BIO de Husqvarna es un aceite para cadenas biol\u00f3gicas de primera calidad, basado en materias primas renovables. X-GUARD BIO se recomienda como aceite para cadenas durante todo el a\u00f1o con una lubricaci\u00f3n y pegajosidad de primera clase. Gracias a la pegajosidad se puede reducir el&hellip;","og_url":"https:\/\/tiendatool.com\/index.php\/product\/aceite-hva-cadena-bio-x-guard-1l-596457301-x12\/","og_site_name":"Tienda Tool","article_modified_time":"2026-05-14T15:25:50+00:00","og_image":[{"width":250,"height":100,"url":"https:\/\/tiendatool.com\/wp-content\/uploads\/2023\/08\/logo-tiendatool-100.png","type":"image\/png"}],"twitter_card":"summary_large_image","twitter_misc":{"Tiempo de lectura":"1 minuto"},"schema":{"@context":"https:\/\/schema.org","@graph":[{"@type":"WebPage","@id":"https:\/\/tiendatool.com\/index.php\/product\/aceite-hva-cadena-bio-x-guard-1l-596457301-x12\/","url":"https:\/\/tiendatool.com\/index.php\/product\/aceite-hva-cadena-bio-x-guard-1l-596457301-x12\/","name":"Aceite Hva Cadena Bio X-GUARD 1L 596457301 (x12) - Tienda Tool","isPartOf":{"@id":"https:\/\/tiendatool.com\/#website"},"datePublished":"2023-09-29T15:59:01+00:00","dateModified":"2026-05-14T15:25:50+00:00","breadcrumb":{"@id":"https:\/\/tiendatool.com\/index.php\/product\/aceite-hva-cadena-bio-x-guard-1l-596457301-x12\/#breadcrumb"},"inLanguage":"es","potentialAction":[{"@type":"ReadAction","target":["https:\/\/tiendatool.com\/index.php\/product\/aceite-hva-cadena-bio-x-guard-1l-596457301-x12\/"]}]},{"@type":"BreadcrumbList","@id":"https:\/\/tiendatool.com\/index.php\/product\/aceite-hva-cadena-bio-x-guard-1l-596457301-x12\/#breadcrumb","itemListElement":[{"@type":"ListItem","position":1,"name":"Portada","item":"https:\/\/tiendatool.com\/"},{"@type":"ListItem","position":2,"name":"Shop","item":"https:\/\/tiendatool.com\/index.php\/shop\/"},{"@type":"ListItem","position":3,"name":"Aceite Hva Cadena Bio X-GUARD 1L 596457301 (x12)"}]},{"@type":"WebSite","@id":"https:\/\/tiendatool.com\/#website","url":"https:\/\/tiendatool.com\/","name":"Tienda Tool","description":"Todo el equipamiento que necesitas en Tienda Tool.","alternateName":"Tienda Tool","potentialAction":[{"@type":"SearchAction","target":{"@type":"EntryPoint","urlTemplate":"https:\/\/tiendatool.com\/?s={search_term_string}"},"query-input":{"@type":"PropertyValueSpecification","valueRequired":true,"valueName":"search_term_string"}}],"inLanguage":"es"}]}},"acf":[],"_links":{"self":[{"href":"https:\/\/tiendatool.com\/index.php\/wp-json\/wp\/v2\/product\/3388"}],"collection":[{"href":"https:\/\/tiendatool.com\/index.php\/wp-json\/wp\/v2\/product"}],"about":[{"href":"https:\/\/tiendatool.com\/index.php\/wp-json\/wp\/v2\/types\/product"}],"wp:attachment":[{"href":"https:\/\/tiendatool.com\/index.php\/wp-json\/wp\/v2\/media?parent=3388"}],"wp:term":[{"taxonomy":"product_cat","embeddable":true,"href":"https:\/\/tiendatool.com\/index.php\/wp-json\/wp\/v2\/product_cat?post=3388"},{"taxonomy":"product_tag","embeddable":true,"href":"https:\/\/tiendatool.com\/index.php\/wp-json\/wp\/v2\/product_tag?post=3388"}],"curies":[{"name":"wp","href":"https:\/\/api.w.org\/{rel}","templated":true}]}}