{"id":3391,"date":"2023-09-29T12:59:03","date_gmt":"2023-09-29T15:59:03","guid":{"rendered":"https:\/\/tiendatool.com\/index.php\/product\/jgo-2-discos-k760-cut-n-break-el10cnb-576778401\/"},"modified":"2026-05-14T12:25:50","modified_gmt":"2026-05-14T15:25:50","slug":"jgo-2-discos-k760-cut-n-break-el10cnb-576778401","status":"publish","type":"product","link":"https:\/\/tiendatool.com\/index.php\/product\/jgo-2-discos-k760-cut-n-break-el10cnb-576778401\/","title":{"rendered":"Jgo 2 Discos K760 cut-n-break EL10CnB &#8211; 576778401"},"content":{"rendered":"<p>Ideal para profesionales de la construcci\u00f3n, este disco para sierra circular combina potencia y precisi\u00f3n en cada corte. Con una anchura de 5,6mm, est\u00e1 dise\u00f1ado para cortar todos los materiales est\u00e1ndar de forma eficiente, incluso antes de utilizar herramientas m\u00e1s avanzadas como la Husqvarna K970 Chain.<br \/>\nSus segmentos autoafilables permiten un corte libre en cualquier direcci\u00f3n de giro, lo que optimiza el rendimiento y minimiza el desgaste.<br \/>\nCertificado bajo la norma CE, su uso es seguro y confiable cuando se combina con discos de aro Husqvarna, propulsor y cortadora de aro de la misma marca.<br \/>\n Incluye tracci\u00f3n patentada que garantiza una conexi\u00f3n estable, maximizando la seguridad y el rendimiento en cada aplicaci\u00f3n.<\/p>\n","protected":false},"excerpt":{"rendered":"<p>Ideal para profesionales de la construcci\u00f3n, este disco para sierra circular combina potencia y precisi\u00f3n en cada corte. Con una anchura de 5,6mm, est\u00e1 dise\u00f1ado para cortar todos los materiales est\u00e1ndar de forma eficiente, incluso antes de utilizar herramientas m\u00e1s avanzadas como la Husqvarna K970 Chain. Sus segmentos autoafilables permiten&hellip;<\/p>\n","protected":false},"featured_media":0,"template":"","meta":{"_acf_changed":false},"product_cat":[286],"product_tag":[],"yoast_head":"<!-- This site is optimized with the Yoast SEO plugin v23.5 - https:\/\/yoast.com\/wordpress\/plugins\/seo\/ -->\n<title>Jgo 2 Discos K760 cut-n-break EL10CnB - 576778401 - Tienda Tool<\/title>\n<meta name=\"robots\" content=\"index, follow, max-snippet:-1, max-image-preview:large, max-video-preview:-1\" \/>\n<link rel=\"canonical\" href=\"https:\/\/tiendatool.com\/index.php\/product\/jgo-2-discos-k760-cut-n-break-el10cnb-576778401\/\" \/>\n<meta property=\"og:locale\" content=\"es_ES\" \/>\n<meta property=\"og:type\" content=\"article\" \/>\n<meta property=\"og:title\" content=\"Jgo 2 Discos K760 cut-n-break EL10CnB - 576778401 - Tienda Tool\" \/>\n<meta property=\"og:description\" content=\"Ideal para profesionales de la construcci\u00f3n, este disco para sierra circular combina potencia y precisi\u00f3n en cada corte. Con una anchura de 5,6mm, est\u00e1 dise\u00f1ado para cortar todos los materiales est\u00e1ndar de forma eficiente, incluso antes de utilizar herramientas m\u00e1s avanzadas como la Husqvarna K970 Chain. Sus segmentos autoafilables permiten&hellip;\" \/>\n<meta property=\"og:url\" content=\"https:\/\/tiendatool.com\/index.php\/product\/jgo-2-discos-k760-cut-n-break-el10cnb-576778401\/\" \/>\n<meta property=\"og:site_name\" content=\"Tienda Tool\" \/>\n<meta property=\"article:modified_time\" content=\"2026-05-14T15:25:50+00:00\" \/>\n<meta property=\"og:image\" content=\"https:\/\/tiendatool.com\/wp-content\/uploads\/2023\/08\/logo-tiendatool-100.png\" \/>\n\t<meta property=\"og:image:width\" content=\"250\" \/>\n\t<meta property=\"og:image:height\" content=\"100\" \/>\n\t<meta property=\"og:image:type\" content=\"image\/png\" \/>\n<meta name=\"twitter:card\" content=\"summary_large_image\" \/>\n<meta name=\"twitter:label1\" content=\"Tiempo de lectura\" \/>\n\t<meta name=\"twitter:data1\" content=\"1 minuto\" \/>\n<script type=\"application\/ld+json\" class=\"yoast-schema-graph\">{\"@context\":\"https:\/\/schema.org\",\"@graph\":[{\"@type\":\"WebPage\",\"@id\":\"https:\/\/tiendatool.com\/index.php\/product\/jgo-2-discos-k760-cut-n-break-el10cnb-576778401\/\",\"url\":\"https:\/\/tiendatool.com\/index.php\/product\/jgo-2-discos-k760-cut-n-break-el10cnb-576778401\/\",\"name\":\"Jgo 2 Discos K760 cut-n-break EL10CnB - 576778401 - Tienda Tool\",\"isPartOf\":{\"@id\":\"https:\/\/tiendatool.com\/#website\"},\"datePublished\":\"2023-09-29T15:59:03+00:00\",\"dateModified\":\"2026-05-14T15:25:50+00:00\",\"breadcrumb\":{\"@id\":\"https:\/\/tiendatool.com\/index.php\/product\/jgo-2-discos-k760-cut-n-break-el10cnb-576778401\/#breadcrumb\"},\"inLanguage\":\"es\",\"potentialAction\":[{\"@type\":\"ReadAction\",\"target\":[\"https:\/\/tiendatool.com\/index.php\/product\/jgo-2-discos-k760-cut-n-break-el10cnb-576778401\/\"]}]},{\"@type\":\"BreadcrumbList\",\"@id\":\"https:\/\/tiendatool.com\/index.php\/product\/jgo-2-discos-k760-cut-n-break-el10cnb-576778401\/#breadcrumb\",\"itemListElement\":[{\"@type\":\"ListItem\",\"position\":1,\"name\":\"Portada\",\"item\":\"https:\/\/tiendatool.com\/\"},{\"@type\":\"ListItem\",\"position\":2,\"name\":\"Shop\",\"item\":\"https:\/\/tiendatool.com\/index.php\/shop\/\"},{\"@type\":\"ListItem\",\"position\":3,\"name\":\"Jgo 2 Discos K760 cut-n-break EL10CnB &#8211; 576778401\"}]},{\"@type\":\"WebSite\",\"@id\":\"https:\/\/tiendatool.com\/#website\",\"url\":\"https:\/\/tiendatool.com\/\",\"name\":\"Tienda Tool\",\"description\":\"Todo el equipamiento que necesitas en Tienda Tool.\",\"alternateName\":\"Tienda Tool\",\"potentialAction\":[{\"@type\":\"SearchAction\",\"target\":{\"@type\":\"EntryPoint\",\"urlTemplate\":\"https:\/\/tiendatool.com\/?s={search_term_string}\"},\"query-input\":{\"@type\":\"PropertyValueSpecification\",\"valueRequired\":true,\"valueName\":\"search_term_string\"}}],\"inLanguage\":\"es\"}]}<\/script>\n<!-- \/ Yoast SEO plugin. -->","yoast_head_json":{"title":"Jgo 2 Discos K760 cut-n-break EL10CnB - 576778401 - Tienda Tool","robots":{"index":"index","follow":"follow","max-snippet":"max-snippet:-1","max-image-preview":"max-image-preview:large","max-video-preview":"max-video-preview:-1"},"canonical":"https:\/\/tiendatool.com\/index.php\/product\/jgo-2-discos-k760-cut-n-break-el10cnb-576778401\/","og_locale":"es_ES","og_type":"article","og_title":"Jgo 2 Discos K760 cut-n-break EL10CnB - 576778401 - Tienda Tool","og_description":"Ideal para profesionales de la construcci\u00f3n, este disco para sierra circular combina potencia y precisi\u00f3n en cada corte. Con una anchura de 5,6mm, est\u00e1 dise\u00f1ado para cortar todos los materiales est\u00e1ndar de forma eficiente, incluso antes de utilizar herramientas m\u00e1s avanzadas como la Husqvarna K970 Chain. Sus segmentos autoafilables permiten&hellip;","og_url":"https:\/\/tiendatool.com\/index.php\/product\/jgo-2-discos-k760-cut-n-break-el10cnb-576778401\/","og_site_name":"Tienda Tool","article_modified_time":"2026-05-14T15:25:50+00:00","og_image":[{"width":250,"height":100,"url":"https:\/\/tiendatool.com\/wp-content\/uploads\/2023\/08\/logo-tiendatool-100.png","type":"image\/png"}],"twitter_card":"summary_large_image","twitter_misc":{"Tiempo de lectura":"1 minuto"},"schema":{"@context":"https:\/\/schema.org","@graph":[{"@type":"WebPage","@id":"https:\/\/tiendatool.com\/index.php\/product\/jgo-2-discos-k760-cut-n-break-el10cnb-576778401\/","url":"https:\/\/tiendatool.com\/index.php\/product\/jgo-2-discos-k760-cut-n-break-el10cnb-576778401\/","name":"Jgo 2 Discos K760 cut-n-break EL10CnB - 576778401 - Tienda Tool","isPartOf":{"@id":"https:\/\/tiendatool.com\/#website"},"datePublished":"2023-09-29T15:59:03+00:00","dateModified":"2026-05-14T15:25:50+00:00","breadcrumb":{"@id":"https:\/\/tiendatool.com\/index.php\/product\/jgo-2-discos-k760-cut-n-break-el10cnb-576778401\/#breadcrumb"},"inLanguage":"es","potentialAction":[{"@type":"ReadAction","target":["https:\/\/tiendatool.com\/index.php\/product\/jgo-2-discos-k760-cut-n-break-el10cnb-576778401\/"]}]},{"@type":"BreadcrumbList","@id":"https:\/\/tiendatool.com\/index.php\/product\/jgo-2-discos-k760-cut-n-break-el10cnb-576778401\/#breadcrumb","itemListElement":[{"@type":"ListItem","position":1,"name":"Portada","item":"https:\/\/tiendatool.com\/"},{"@type":"ListItem","position":2,"name":"Shop","item":"https:\/\/tiendatool.com\/index.php\/shop\/"},{"@type":"ListItem","position":3,"name":"Jgo 2 Discos K760 cut-n-break EL10CnB &#8211; 576778401"}]},{"@type":"WebSite","@id":"https:\/\/tiendatool.com\/#website","url":"https:\/\/tiendatool.com\/","name":"Tienda Tool","description":"Todo el equipamiento que necesitas en Tienda Tool.","alternateName":"Tienda Tool","potentialAction":[{"@type":"SearchAction","target":{"@type":"EntryPoint","urlTemplate":"https:\/\/tiendatool.com\/?s={search_term_string}"},"query-input":{"@type":"PropertyValueSpecification","valueRequired":true,"valueName":"search_term_string"}}],"inLanguage":"es"}]}},"acf":[],"_links":{"self":[{"href":"https:\/\/tiendatool.com\/index.php\/wp-json\/wp\/v2\/product\/3391"}],"collection":[{"href":"https:\/\/tiendatool.com\/index.php\/wp-json\/wp\/v2\/product"}],"about":[{"href":"https:\/\/tiendatool.com\/index.php\/wp-json\/wp\/v2\/types\/product"}],"wp:attachment":[{"href":"https:\/\/tiendatool.com\/index.php\/wp-json\/wp\/v2\/media?parent=3391"}],"wp:term":[{"taxonomy":"product_cat","embeddable":true,"href":"https:\/\/tiendatool.com\/index.php\/wp-json\/wp\/v2\/product_cat?post=3391"},{"taxonomy":"product_tag","embeddable":true,"href":"https:\/\/tiendatool.com\/index.php\/wp-json\/wp\/v2\/product_tag?post=3391"}],"curies":[{"name":"wp","href":"https:\/\/api.w.org\/{rel}","templated":true}]}}