{"id":3412,"date":"2023-09-29T12:59:14","date_gmt":"2023-09-29T15:59:14","guid":{"rendered":"https:\/\/tiendatool.com\/index.php\/product\/aceite-hva-2t-ls-semi-sintet-1l-12u-5780370-02\/"},"modified":"2026-05-14T12:25:50","modified_gmt":"2026-05-14T15:25:50","slug":"aceite-hva-2t-ls-semi-sintet-1l-12u-5780370-02","status":"publish","type":"product","link":"https:\/\/tiendatool.com\/index.php\/product\/aceite-hva-2t-ls-semi-sintet-1l-12u-5780370-02\/","title":{"rendered":"Aceite Hva 2T LS+ Semi-Sint\u00e9t.1L (12u) 5780370-02"},"content":{"rendered":"<p>El aceite Low Smoke+ es un producto de alta calidad que combina aceites minerales y sint\u00e9ticos. Su bajo nivel de emisi\u00f3n de humo lo hace ideal para usar en motosierras y desbrozadoras con cilindros de hasta 55 cm3, especialmente en \u00e1reas urbanas. Adem\u00e1s, lubrica eficazmente las partes del motor que soportan m\u00e1s presi\u00f3n, como el cojinete de biela, y reduce la temperatura del motor, alargando su duraci\u00f3n. El aceite Husqvarna Low Smoke + previene los agarrotamientos causados por la falta o el exceso de carb\u00f3n en el motor. Dosis recomendada 100cm3 Aceite LS+ por cada 5L Nafta.<\/p>\n","protected":false},"excerpt":{"rendered":"<p>El aceite Low Smoke+ es un producto de alta calidad que combina aceites minerales y sint\u00e9ticos. Su bajo nivel de emisi\u00f3n de humo lo hace ideal para usar en motosierras y desbrozadoras con cilindros de hasta 55 cm3, especialmente en \u00e1reas urbanas. Adem\u00e1s, lubrica eficazmente las partes del motor que&hellip;<\/p>\n","protected":false},"featured_media":0,"template":"","meta":{"_acf_changed":false},"product_cat":[286],"product_tag":[],"yoast_head":"<!-- This site is optimized with the Yoast SEO plugin v23.5 - https:\/\/yoast.com\/wordpress\/plugins\/seo\/ -->\n<title>Aceite Hva 2T LS+ Semi-Sint\u00e9t.1L (12u) 5780370-02 - Tienda Tool<\/title>\n<meta name=\"robots\" content=\"index, follow, max-snippet:-1, max-image-preview:large, max-video-preview:-1\" \/>\n<link rel=\"canonical\" href=\"https:\/\/tiendatool.com\/index.php\/product\/aceite-hva-2t-ls-semi-sintet-1l-12u-5780370-02\/\" \/>\n<meta property=\"og:locale\" content=\"es_ES\" \/>\n<meta property=\"og:type\" content=\"article\" \/>\n<meta property=\"og:title\" content=\"Aceite Hva 2T LS+ Semi-Sint\u00e9t.1L (12u) 5780370-02 - Tienda Tool\" \/>\n<meta property=\"og:description\" content=\"El aceite Low Smoke+ es un producto de alta calidad que combina aceites minerales y sint\u00e9ticos. Su bajo nivel de emisi\u00f3n de humo lo hace ideal para usar en motosierras y desbrozadoras con cilindros de hasta 55 cm3, especialmente en \u00e1reas urbanas. Adem\u00e1s, lubrica eficazmente las partes del motor que&hellip;\" \/>\n<meta property=\"og:url\" content=\"https:\/\/tiendatool.com\/index.php\/product\/aceite-hva-2t-ls-semi-sintet-1l-12u-5780370-02\/\" \/>\n<meta property=\"og:site_name\" content=\"Tienda Tool\" \/>\n<meta property=\"article:modified_time\" content=\"2026-05-14T15:25:50+00:00\" \/>\n<meta property=\"og:image\" content=\"https:\/\/tiendatool.com\/wp-content\/uploads\/2023\/08\/logo-tiendatool-100.png\" \/>\n\t<meta property=\"og:image:width\" content=\"250\" \/>\n\t<meta property=\"og:image:height\" content=\"100\" \/>\n\t<meta property=\"og:image:type\" content=\"image\/png\" \/>\n<meta name=\"twitter:card\" content=\"summary_large_image\" \/>\n<meta name=\"twitter:label1\" content=\"Tiempo de lectura\" \/>\n\t<meta name=\"twitter:data1\" content=\"1 minuto\" \/>\n<script type=\"application\/ld+json\" class=\"yoast-schema-graph\">{\"@context\":\"https:\/\/schema.org\",\"@graph\":[{\"@type\":\"WebPage\",\"@id\":\"https:\/\/tiendatool.com\/index.php\/product\/aceite-hva-2t-ls-semi-sintet-1l-12u-5780370-02\/\",\"url\":\"https:\/\/tiendatool.com\/index.php\/product\/aceite-hva-2t-ls-semi-sintet-1l-12u-5780370-02\/\",\"name\":\"Aceite Hva 2T LS+ Semi-Sint\u00e9t.1L (12u) 5780370-02 - Tienda Tool\",\"isPartOf\":{\"@id\":\"https:\/\/tiendatool.com\/#website\"},\"datePublished\":\"2023-09-29T15:59:14+00:00\",\"dateModified\":\"2026-05-14T15:25:50+00:00\",\"breadcrumb\":{\"@id\":\"https:\/\/tiendatool.com\/index.php\/product\/aceite-hva-2t-ls-semi-sintet-1l-12u-5780370-02\/#breadcrumb\"},\"inLanguage\":\"es\",\"potentialAction\":[{\"@type\":\"ReadAction\",\"target\":[\"https:\/\/tiendatool.com\/index.php\/product\/aceite-hva-2t-ls-semi-sintet-1l-12u-5780370-02\/\"]}]},{\"@type\":\"BreadcrumbList\",\"@id\":\"https:\/\/tiendatool.com\/index.php\/product\/aceite-hva-2t-ls-semi-sintet-1l-12u-5780370-02\/#breadcrumb\",\"itemListElement\":[{\"@type\":\"ListItem\",\"position\":1,\"name\":\"Portada\",\"item\":\"https:\/\/tiendatool.com\/\"},{\"@type\":\"ListItem\",\"position\":2,\"name\":\"Shop\",\"item\":\"https:\/\/tiendatool.com\/index.php\/shop\/\"},{\"@type\":\"ListItem\",\"position\":3,\"name\":\"Aceite Hva 2T LS+ Semi-Sint\u00e9t.1L (12u) 5780370-02\"}]},{\"@type\":\"WebSite\",\"@id\":\"https:\/\/tiendatool.com\/#website\",\"url\":\"https:\/\/tiendatool.com\/\",\"name\":\"Tienda Tool\",\"description\":\"Todo el equipamiento que necesitas en Tienda Tool.\",\"alternateName\":\"Tienda Tool\",\"potentialAction\":[{\"@type\":\"SearchAction\",\"target\":{\"@type\":\"EntryPoint\",\"urlTemplate\":\"https:\/\/tiendatool.com\/?s={search_term_string}\"},\"query-input\":{\"@type\":\"PropertyValueSpecification\",\"valueRequired\":true,\"valueName\":\"search_term_string\"}}],\"inLanguage\":\"es\"}]}<\/script>\n<!-- \/ Yoast SEO plugin. -->","yoast_head_json":{"title":"Aceite Hva 2T LS+ Semi-Sint\u00e9t.1L (12u) 5780370-02 - Tienda Tool","robots":{"index":"index","follow":"follow","max-snippet":"max-snippet:-1","max-image-preview":"max-image-preview:large","max-video-preview":"max-video-preview:-1"},"canonical":"https:\/\/tiendatool.com\/index.php\/product\/aceite-hva-2t-ls-semi-sintet-1l-12u-5780370-02\/","og_locale":"es_ES","og_type":"article","og_title":"Aceite Hva 2T LS+ Semi-Sint\u00e9t.1L (12u) 5780370-02 - Tienda Tool","og_description":"El aceite Low Smoke+ es un producto de alta calidad que combina aceites minerales y sint\u00e9ticos. Su bajo nivel de emisi\u00f3n de humo lo hace ideal para usar en motosierras y desbrozadoras con cilindros de hasta 55 cm3, especialmente en \u00e1reas urbanas. Adem\u00e1s, lubrica eficazmente las partes del motor que&hellip;","og_url":"https:\/\/tiendatool.com\/index.php\/product\/aceite-hva-2t-ls-semi-sintet-1l-12u-5780370-02\/","og_site_name":"Tienda Tool","article_modified_time":"2026-05-14T15:25:50+00:00","og_image":[{"width":250,"height":100,"url":"https:\/\/tiendatool.com\/wp-content\/uploads\/2023\/08\/logo-tiendatool-100.png","type":"image\/png"}],"twitter_card":"summary_large_image","twitter_misc":{"Tiempo de lectura":"1 minuto"},"schema":{"@context":"https:\/\/schema.org","@graph":[{"@type":"WebPage","@id":"https:\/\/tiendatool.com\/index.php\/product\/aceite-hva-2t-ls-semi-sintet-1l-12u-5780370-02\/","url":"https:\/\/tiendatool.com\/index.php\/product\/aceite-hva-2t-ls-semi-sintet-1l-12u-5780370-02\/","name":"Aceite Hva 2T LS+ Semi-Sint\u00e9t.1L (12u) 5780370-02 - Tienda Tool","isPartOf":{"@id":"https:\/\/tiendatool.com\/#website"},"datePublished":"2023-09-29T15:59:14+00:00","dateModified":"2026-05-14T15:25:50+00:00","breadcrumb":{"@id":"https:\/\/tiendatool.com\/index.php\/product\/aceite-hva-2t-ls-semi-sintet-1l-12u-5780370-02\/#breadcrumb"},"inLanguage":"es","potentialAction":[{"@type":"ReadAction","target":["https:\/\/tiendatool.com\/index.php\/product\/aceite-hva-2t-ls-semi-sintet-1l-12u-5780370-02\/"]}]},{"@type":"BreadcrumbList","@id":"https:\/\/tiendatool.com\/index.php\/product\/aceite-hva-2t-ls-semi-sintet-1l-12u-5780370-02\/#breadcrumb","itemListElement":[{"@type":"ListItem","position":1,"name":"Portada","item":"https:\/\/tiendatool.com\/"},{"@type":"ListItem","position":2,"name":"Shop","item":"https:\/\/tiendatool.com\/index.php\/shop\/"},{"@type":"ListItem","position":3,"name":"Aceite Hva 2T LS+ Semi-Sint\u00e9t.1L (12u) 5780370-02"}]},{"@type":"WebSite","@id":"https:\/\/tiendatool.com\/#website","url":"https:\/\/tiendatool.com\/","name":"Tienda Tool","description":"Todo el equipamiento que necesitas en Tienda Tool.","alternateName":"Tienda Tool","potentialAction":[{"@type":"SearchAction","target":{"@type":"EntryPoint","urlTemplate":"https:\/\/tiendatool.com\/?s={search_term_string}"},"query-input":{"@type":"PropertyValueSpecification","valueRequired":true,"valueName":"search_term_string"}}],"inLanguage":"es"}]}},"acf":[],"_links":{"self":[{"href":"https:\/\/tiendatool.com\/index.php\/wp-json\/wp\/v2\/product\/3412"}],"collection":[{"href":"https:\/\/tiendatool.com\/index.php\/wp-json\/wp\/v2\/product"}],"about":[{"href":"https:\/\/tiendatool.com\/index.php\/wp-json\/wp\/v2\/types\/product"}],"wp:attachment":[{"href":"https:\/\/tiendatool.com\/index.php\/wp-json\/wp\/v2\/media?parent=3412"}],"wp:term":[{"taxonomy":"product_cat","embeddable":true,"href":"https:\/\/tiendatool.com\/index.php\/wp-json\/wp\/v2\/product_cat?post=3412"},{"taxonomy":"product_tag","embeddable":true,"href":"https:\/\/tiendatool.com\/index.php\/wp-json\/wp\/v2\/product_tag?post=3412"}],"curies":[{"name":"wp","href":"https:\/\/api.w.org\/{rel}","templated":true}]}}