{"id":3459,"date":"2023-09-29T12:59:43","date_gmt":"2023-09-29T15:59:43","guid":{"rendered":"https:\/\/tiendatool.com\/index.php\/product\/disco-de-llaneado-husq-wacker-36-598930301\/"},"modified":"2026-05-14T12:25:50","modified_gmt":"2026-05-14T15:25:50","slug":"disco-de-llaneado-husq-wacker-36-598930301","status":"publish","type":"product","link":"https:\/\/tiendatool.com\/index.php\/product\/disco-de-llaneado-husq-wacker-36-598930301\/","title":{"rendered":"Disco de llaneado Husq Wacker 36&#8243; 598930301"},"content":{"rendered":"<p>Los discos de llaneado son una alternativa a las cuchillas de alisado. Estos discos mejoran la planitud general de la losa de hormig\u00f3n, ya que ocupan una mayor superficie sobre el hormig\u00f3n fresco en comparaci\u00f3n con las cuchillas. Se utilizan para alisar la superficie del hormig\u00f3n durante la etapa inicial del proceso de acabado. Esto ayuda a eliminar las protuberancias y los valles del hormig\u00f3n. Los discos de llaneado deben utilizarse a menor velocidad para eliminar imperfecciones de la superficie y evitar que el material se desplace.<\/p>\n","protected":false},"excerpt":{"rendered":"<p>Los discos de llaneado son una alternativa a las cuchillas de alisado. Estos discos mejoran la planitud general de la losa de hormig\u00f3n, ya que ocupan una mayor superficie sobre el hormig\u00f3n fresco en comparaci\u00f3n con las cuchillas. Se utilizan para alisar la superficie del hormig\u00f3n durante la etapa inicial&hellip;<\/p>\n","protected":false},"featured_media":0,"template":"","meta":{"_acf_changed":false},"product_cat":[286],"product_tag":[],"yoast_head":"<!-- This site is optimized with the Yoast SEO plugin v23.5 - https:\/\/yoast.com\/wordpress\/plugins\/seo\/ -->\n<title>Disco de llaneado Husq Wacker 36&quot; 598930301 - Tienda Tool<\/title>\n<meta name=\"robots\" content=\"index, follow, max-snippet:-1, max-image-preview:large, max-video-preview:-1\" \/>\n<link rel=\"canonical\" href=\"https:\/\/tiendatool.com\/index.php\/product\/disco-de-llaneado-husq-wacker-36-598930301\/\" \/>\n<meta property=\"og:locale\" content=\"es_ES\" \/>\n<meta property=\"og:type\" content=\"article\" \/>\n<meta property=\"og:title\" content=\"Disco de llaneado Husq Wacker 36&quot; 598930301 - Tienda Tool\" \/>\n<meta property=\"og:description\" content=\"Los discos de llaneado son una alternativa a las cuchillas de alisado. Estos discos mejoran la planitud general de la losa de hormig\u00f3n, ya que ocupan una mayor superficie sobre el hormig\u00f3n fresco en comparaci\u00f3n con las cuchillas. Se utilizan para alisar la superficie del hormig\u00f3n durante la etapa inicial&hellip;\" \/>\n<meta property=\"og:url\" content=\"https:\/\/tiendatool.com\/index.php\/product\/disco-de-llaneado-husq-wacker-36-598930301\/\" \/>\n<meta property=\"og:site_name\" content=\"Tienda Tool\" \/>\n<meta property=\"article:modified_time\" content=\"2026-05-14T15:25:50+00:00\" \/>\n<meta property=\"og:image\" content=\"https:\/\/tiendatool.com\/wp-content\/uploads\/2023\/08\/logo-tiendatool-100.png\" \/>\n\t<meta property=\"og:image:width\" content=\"250\" \/>\n\t<meta property=\"og:image:height\" content=\"100\" \/>\n\t<meta property=\"og:image:type\" content=\"image\/png\" \/>\n<meta name=\"twitter:card\" content=\"summary_large_image\" \/>\n<script type=\"application\/ld+json\" class=\"yoast-schema-graph\">{\"@context\":\"https:\/\/schema.org\",\"@graph\":[{\"@type\":\"WebPage\",\"@id\":\"https:\/\/tiendatool.com\/index.php\/product\/disco-de-llaneado-husq-wacker-36-598930301\/\",\"url\":\"https:\/\/tiendatool.com\/index.php\/product\/disco-de-llaneado-husq-wacker-36-598930301\/\",\"name\":\"Disco de llaneado Husq Wacker 36\\\" 598930301 - Tienda Tool\",\"isPartOf\":{\"@id\":\"https:\/\/tiendatool.com\/#website\"},\"datePublished\":\"2023-09-29T15:59:43+00:00\",\"dateModified\":\"2026-05-14T15:25:50+00:00\",\"breadcrumb\":{\"@id\":\"https:\/\/tiendatool.com\/index.php\/product\/disco-de-llaneado-husq-wacker-36-598930301\/#breadcrumb\"},\"inLanguage\":\"es\",\"potentialAction\":[{\"@type\":\"ReadAction\",\"target\":[\"https:\/\/tiendatool.com\/index.php\/product\/disco-de-llaneado-husq-wacker-36-598930301\/\"]}]},{\"@type\":\"BreadcrumbList\",\"@id\":\"https:\/\/tiendatool.com\/index.php\/product\/disco-de-llaneado-husq-wacker-36-598930301\/#breadcrumb\",\"itemListElement\":[{\"@type\":\"ListItem\",\"position\":1,\"name\":\"Portada\",\"item\":\"https:\/\/tiendatool.com\/\"},{\"@type\":\"ListItem\",\"position\":2,\"name\":\"Shop\",\"item\":\"https:\/\/tiendatool.com\/index.php\/shop\/\"},{\"@type\":\"ListItem\",\"position\":3,\"name\":\"Disco de llaneado Husq Wacker 36&#8243; 598930301\"}]},{\"@type\":\"WebSite\",\"@id\":\"https:\/\/tiendatool.com\/#website\",\"url\":\"https:\/\/tiendatool.com\/\",\"name\":\"Tienda Tool\",\"description\":\"Todo el equipamiento que necesitas en Tienda Tool.\",\"alternateName\":\"Tienda Tool\",\"potentialAction\":[{\"@type\":\"SearchAction\",\"target\":{\"@type\":\"EntryPoint\",\"urlTemplate\":\"https:\/\/tiendatool.com\/?s={search_term_string}\"},\"query-input\":{\"@type\":\"PropertyValueSpecification\",\"valueRequired\":true,\"valueName\":\"search_term_string\"}}],\"inLanguage\":\"es\"}]}<\/script>\n<!-- \/ Yoast SEO plugin. -->","yoast_head_json":{"title":"Disco de llaneado Husq Wacker 36\" 598930301 - Tienda Tool","robots":{"index":"index","follow":"follow","max-snippet":"max-snippet:-1","max-image-preview":"max-image-preview:large","max-video-preview":"max-video-preview:-1"},"canonical":"https:\/\/tiendatool.com\/index.php\/product\/disco-de-llaneado-husq-wacker-36-598930301\/","og_locale":"es_ES","og_type":"article","og_title":"Disco de llaneado Husq Wacker 36\" 598930301 - Tienda Tool","og_description":"Los discos de llaneado son una alternativa a las cuchillas de alisado. Estos discos mejoran la planitud general de la losa de hormig\u00f3n, ya que ocupan una mayor superficie sobre el hormig\u00f3n fresco en comparaci\u00f3n con las cuchillas. Se utilizan para alisar la superficie del hormig\u00f3n durante la etapa inicial&hellip;","og_url":"https:\/\/tiendatool.com\/index.php\/product\/disco-de-llaneado-husq-wacker-36-598930301\/","og_site_name":"Tienda Tool","article_modified_time":"2026-05-14T15:25:50+00:00","og_image":[{"width":250,"height":100,"url":"https:\/\/tiendatool.com\/wp-content\/uploads\/2023\/08\/logo-tiendatool-100.png","type":"image\/png"}],"twitter_card":"summary_large_image","schema":{"@context":"https:\/\/schema.org","@graph":[{"@type":"WebPage","@id":"https:\/\/tiendatool.com\/index.php\/product\/disco-de-llaneado-husq-wacker-36-598930301\/","url":"https:\/\/tiendatool.com\/index.php\/product\/disco-de-llaneado-husq-wacker-36-598930301\/","name":"Disco de llaneado Husq Wacker 36\" 598930301 - Tienda Tool","isPartOf":{"@id":"https:\/\/tiendatool.com\/#website"},"datePublished":"2023-09-29T15:59:43+00:00","dateModified":"2026-05-14T15:25:50+00:00","breadcrumb":{"@id":"https:\/\/tiendatool.com\/index.php\/product\/disco-de-llaneado-husq-wacker-36-598930301\/#breadcrumb"},"inLanguage":"es","potentialAction":[{"@type":"ReadAction","target":["https:\/\/tiendatool.com\/index.php\/product\/disco-de-llaneado-husq-wacker-36-598930301\/"]}]},{"@type":"BreadcrumbList","@id":"https:\/\/tiendatool.com\/index.php\/product\/disco-de-llaneado-husq-wacker-36-598930301\/#breadcrumb","itemListElement":[{"@type":"ListItem","position":1,"name":"Portada","item":"https:\/\/tiendatool.com\/"},{"@type":"ListItem","position":2,"name":"Shop","item":"https:\/\/tiendatool.com\/index.php\/shop\/"},{"@type":"ListItem","position":3,"name":"Disco de llaneado Husq Wacker 36&#8243; 598930301"}]},{"@type":"WebSite","@id":"https:\/\/tiendatool.com\/#website","url":"https:\/\/tiendatool.com\/","name":"Tienda Tool","description":"Todo el equipamiento que necesitas en Tienda Tool.","alternateName":"Tienda Tool","potentialAction":[{"@type":"SearchAction","target":{"@type":"EntryPoint","urlTemplate":"https:\/\/tiendatool.com\/?s={search_term_string}"},"query-input":{"@type":"PropertyValueSpecification","valueRequired":true,"valueName":"search_term_string"}}],"inLanguage":"es"}]}},"acf":[],"_links":{"self":[{"href":"https:\/\/tiendatool.com\/index.php\/wp-json\/wp\/v2\/product\/3459"}],"collection":[{"href":"https:\/\/tiendatool.com\/index.php\/wp-json\/wp\/v2\/product"}],"about":[{"href":"https:\/\/tiendatool.com\/index.php\/wp-json\/wp\/v2\/types\/product"}],"wp:attachment":[{"href":"https:\/\/tiendatool.com\/index.php\/wp-json\/wp\/v2\/media?parent=3459"}],"wp:term":[{"taxonomy":"product_cat","embeddable":true,"href":"https:\/\/tiendatool.com\/index.php\/wp-json\/wp\/v2\/product_cat?post=3459"},{"taxonomy":"product_tag","embeddable":true,"href":"https:\/\/tiendatool.com\/index.php\/wp-json\/wp\/v2\/product_tag?post=3459"}],"curies":[{"name":"wp","href":"https:\/\/api.w.org\/{rel}","templated":true}]}}