{"id":6190,"date":"2026-05-16T16:59:09","date_gmt":"2026-05-16T19:59:09","guid":{"rendered":""},"modified":"-0001-11-30T00:00:00","modified_gmt":"-0001-11-30T03:00:00","slug":"proyector-de-obra-de-bateria-metabo-bsa-18-led-5000-duo-s-6015078","status":"publish","type":"product","link":"https:\/\/tiendatool.com\/index.php\/product\/proyector-de-obra-de-bateria-metabo-bsa-18-led-5000-duo-s-6015078\/","title":{"rendered":"Proyector de obra de bater\u00eda Metabo BSA 18 LED 5000 DUO-S"},"content":{"rendered":"<p>Proyector de obra Metabo BSA 18 LED 5000 DUO-S: Doble proyector ajustable, 5000 l\u00famenes, altura hasta 2 metros. F\u00e1cil de colocar, plegar y transportar. Dos niveles de luz, bater\u00eda compatible con sistema CAS. Iluminaci\u00f3n potente y flexible para cualquier trabajo.<\/p>\n","protected":false},"excerpt":{"rendered":"<p>Proyector de obra Metabo BSA 18 LED 5000 DUO-S: Doble proyector ajustable, 5000 l\u00famenes, altura hasta 2 metros. F\u00e1cil de colocar, plegar y transportar. Dos niveles de luz, bater\u00eda compatible con sistema CAS. Iluminaci\u00f3n potente y flexible para cualquier trabajo.<\/p>\n","protected":false},"featured_media":7062,"template":"","meta":{"_acf_changed":false},"product_cat":[254],"product_tag":[],"yoast_head":"<!-- This site is optimized with the Yoast SEO plugin v23.5 - https:\/\/yoast.com\/wordpress\/plugins\/seo\/ -->\n<title>Proyector de obra de bater\u00eda Metabo BSA 18 LED 5000 DUO-S - Tienda Tool<\/title>\n<meta name=\"robots\" content=\"index, follow, max-snippet:-1, max-image-preview:large, max-video-preview:-1\" \/>\n<link rel=\"canonical\" href=\"https:\/\/tiendatool.com\/index.php\/product\/proyector-de-obra-de-bateria-metabo-bsa-18-led-5000-duo-s-6015078\/\" \/>\n<meta property=\"og:locale\" content=\"es_ES\" \/>\n<meta property=\"og:type\" content=\"article\" \/>\n<meta property=\"og:title\" content=\"Proyector de obra de bater\u00eda Metabo BSA 18 LED 5000 DUO-S - Tienda Tool\" \/>\n<meta property=\"og:description\" content=\"Proyector de obra Metabo BSA 18 LED 5000 DUO-S: Doble proyector ajustable, 5000 l\u00famenes, altura hasta 2 metros. F\u00e1cil de colocar, plegar y transportar. Dos niveles de luz, bater\u00eda compatible con sistema CAS. Iluminaci\u00f3n potente y flexible para cualquier trabajo.\" \/>\n<meta property=\"og:url\" content=\"https:\/\/tiendatool.com\/index.php\/product\/proyector-de-obra-de-bateria-metabo-bsa-18-led-5000-duo-s-6015078\/\" \/>\n<meta property=\"og:site_name\" content=\"Tienda Tool\" \/>\n<meta property=\"article:modified_time\" content=\"-0001-11-30T00:00:00+00:00\" \/>\n<meta property=\"og:image\" content=\"https:\/\/tiendatool.com\/wp-content\/uploads\/2023\/08\/logo-tiendatool-100.png\" \/>\n\t<meta property=\"og:image:width\" content=\"250\" \/>\n\t<meta property=\"og:image:height\" content=\"100\" \/>\n\t<meta property=\"og:image:type\" content=\"image\/png\" \/>\n<meta name=\"twitter:card\" content=\"summary_large_image\" \/>\n<script type=\"application\/ld+json\" class=\"yoast-schema-graph\">{\"@context\":\"https:\/\/schema.org\",\"@graph\":[{\"@type\":\"WebPage\",\"@id\":\"https:\/\/tiendatool.com\/index.php\/product\/proyector-de-obra-de-bateria-metabo-bsa-18-led-5000-duo-s-6015078\/\",\"url\":\"https:\/\/tiendatool.com\/index.php\/product\/proyector-de-obra-de-bateria-metabo-bsa-18-led-5000-duo-s-6015078\/\",\"name\":\"Proyector de obra de bater\u00eda Metabo BSA 18 LED 5000 DUO-S - Tienda Tool\",\"isPartOf\":{\"@id\":\"https:\/\/tiendatool.com\/#website\"},\"primaryImageOfPage\":{\"@id\":\"https:\/\/tiendatool.com\/index.php\/product\/proyector-de-obra-de-bateria-metabo-bsa-18-led-5000-duo-s-6015078\/#primaryimage\"},\"image\":{\"@id\":\"https:\/\/tiendatool.com\/index.php\/product\/proyector-de-obra-de-bateria-metabo-bsa-18-led-5000-duo-s-6015078\/#primaryimage\"},\"thumbnailUrl\":\"https:\/\/tiendatool.com\/wp-content\/uploads\/2026\/05\/6015078.png\",\"datePublished\":\"2026-05-16T19:59:09+00:00\",\"dateModified\":\"-0001-11-30T00:00:00+00:00\",\"breadcrumb\":{\"@id\":\"https:\/\/tiendatool.com\/index.php\/product\/proyector-de-obra-de-bateria-metabo-bsa-18-led-5000-duo-s-6015078\/#breadcrumb\"},\"inLanguage\":\"es\",\"potentialAction\":[{\"@type\":\"ReadAction\",\"target\":[\"https:\/\/tiendatool.com\/index.php\/product\/proyector-de-obra-de-bateria-metabo-bsa-18-led-5000-duo-s-6015078\/\"]}]},{\"@type\":\"ImageObject\",\"inLanguage\":\"es\",\"@id\":\"https:\/\/tiendatool.com\/index.php\/product\/proyector-de-obra-de-bateria-metabo-bsa-18-led-5000-duo-s-6015078\/#primaryimage\",\"url\":\"https:\/\/tiendatool.com\/wp-content\/uploads\/2026\/05\/6015078.png\",\"contentUrl\":\"https:\/\/tiendatool.com\/wp-content\/uploads\/2026\/05\/6015078.png\",\"width\":1000,\"height\":1000},{\"@type\":\"BreadcrumbList\",\"@id\":\"https:\/\/tiendatool.com\/index.php\/product\/proyector-de-obra-de-bateria-metabo-bsa-18-led-5000-duo-s-6015078\/#breadcrumb\",\"itemListElement\":[{\"@type\":\"ListItem\",\"position\":1,\"name\":\"Portada\",\"item\":\"https:\/\/tiendatool.com\/\"},{\"@type\":\"ListItem\",\"position\":2,\"name\":\"Shop\",\"item\":\"https:\/\/tiendatool.com\/index.php\/shop\/\"},{\"@type\":\"ListItem\",\"position\":3,\"name\":\"Proyector de obra de bater\u00eda Metabo BSA 18 LED 5000 DUO-S\"}]},{\"@type\":\"WebSite\",\"@id\":\"https:\/\/tiendatool.com\/#website\",\"url\":\"https:\/\/tiendatool.com\/\",\"name\":\"Tienda Tool\",\"description\":\"Todo el equipamiento que necesitas en Tienda Tool.\",\"alternateName\":\"Tienda Tool\",\"potentialAction\":[{\"@type\":\"SearchAction\",\"target\":{\"@type\":\"EntryPoint\",\"urlTemplate\":\"https:\/\/tiendatool.com\/?s={search_term_string}\"},\"query-input\":{\"@type\":\"PropertyValueSpecification\",\"valueRequired\":true,\"valueName\":\"search_term_string\"}}],\"inLanguage\":\"es\"}]}<\/script>\n<!-- \/ Yoast SEO plugin. -->","yoast_head_json":{"title":"Proyector de obra de bater\u00eda Metabo BSA 18 LED 5000 DUO-S - Tienda Tool","robots":{"index":"index","follow":"follow","max-snippet":"max-snippet:-1","max-image-preview":"max-image-preview:large","max-video-preview":"max-video-preview:-1"},"canonical":"https:\/\/tiendatool.com\/index.php\/product\/proyector-de-obra-de-bateria-metabo-bsa-18-led-5000-duo-s-6015078\/","og_locale":"es_ES","og_type":"article","og_title":"Proyector de obra de bater\u00eda Metabo BSA 18 LED 5000 DUO-S - Tienda Tool","og_description":"Proyector de obra Metabo BSA 18 LED 5000 DUO-S: Doble proyector ajustable, 5000 l\u00famenes, altura hasta 2 metros. F\u00e1cil de colocar, plegar y transportar. Dos niveles de luz, bater\u00eda compatible con sistema CAS. Iluminaci\u00f3n potente y flexible para cualquier trabajo.","og_url":"https:\/\/tiendatool.com\/index.php\/product\/proyector-de-obra-de-bateria-metabo-bsa-18-led-5000-duo-s-6015078\/","og_site_name":"Tienda Tool","article_modified_time":"-0001-11-30T00:00:00+00:00","og_image":[{"width":250,"height":100,"url":"https:\/\/tiendatool.com\/wp-content\/uploads\/2023\/08\/logo-tiendatool-100.png","type":"image\/png"}],"twitter_card":"summary_large_image","schema":{"@context":"https:\/\/schema.org","@graph":[{"@type":"WebPage","@id":"https:\/\/tiendatool.com\/index.php\/product\/proyector-de-obra-de-bateria-metabo-bsa-18-led-5000-duo-s-6015078\/","url":"https:\/\/tiendatool.com\/index.php\/product\/proyector-de-obra-de-bateria-metabo-bsa-18-led-5000-duo-s-6015078\/","name":"Proyector de obra de bater\u00eda Metabo BSA 18 LED 5000 DUO-S - Tienda Tool","isPartOf":{"@id":"https:\/\/tiendatool.com\/#website"},"primaryImageOfPage":{"@id":"https:\/\/tiendatool.com\/index.php\/product\/proyector-de-obra-de-bateria-metabo-bsa-18-led-5000-duo-s-6015078\/#primaryimage"},"image":{"@id":"https:\/\/tiendatool.com\/index.php\/product\/proyector-de-obra-de-bateria-metabo-bsa-18-led-5000-duo-s-6015078\/#primaryimage"},"thumbnailUrl":"https:\/\/tiendatool.com\/wp-content\/uploads\/2026\/05\/6015078.png","datePublished":"2026-05-16T19:59:09+00:00","dateModified":"-0001-11-30T00:00:00+00:00","breadcrumb":{"@id":"https:\/\/tiendatool.com\/index.php\/product\/proyector-de-obra-de-bateria-metabo-bsa-18-led-5000-duo-s-6015078\/#breadcrumb"},"inLanguage":"es","potentialAction":[{"@type":"ReadAction","target":["https:\/\/tiendatool.com\/index.php\/product\/proyector-de-obra-de-bateria-metabo-bsa-18-led-5000-duo-s-6015078\/"]}]},{"@type":"ImageObject","inLanguage":"es","@id":"https:\/\/tiendatool.com\/index.php\/product\/proyector-de-obra-de-bateria-metabo-bsa-18-led-5000-duo-s-6015078\/#primaryimage","url":"https:\/\/tiendatool.com\/wp-content\/uploads\/2026\/05\/6015078.png","contentUrl":"https:\/\/tiendatool.com\/wp-content\/uploads\/2026\/05\/6015078.png","width":1000,"height":1000},{"@type":"BreadcrumbList","@id":"https:\/\/tiendatool.com\/index.php\/product\/proyector-de-obra-de-bateria-metabo-bsa-18-led-5000-duo-s-6015078\/#breadcrumb","itemListElement":[{"@type":"ListItem","position":1,"name":"Portada","item":"https:\/\/tiendatool.com\/"},{"@type":"ListItem","position":2,"name":"Shop","item":"https:\/\/tiendatool.com\/index.php\/shop\/"},{"@type":"ListItem","position":3,"name":"Proyector de obra de bater\u00eda Metabo BSA 18 LED 5000 DUO-S"}]},{"@type":"WebSite","@id":"https:\/\/tiendatool.com\/#website","url":"https:\/\/tiendatool.com\/","name":"Tienda Tool","description":"Todo el equipamiento que necesitas en Tienda Tool.","alternateName":"Tienda Tool","potentialAction":[{"@type":"SearchAction","target":{"@type":"EntryPoint","urlTemplate":"https:\/\/tiendatool.com\/?s={search_term_string}"},"query-input":{"@type":"PropertyValueSpecification","valueRequired":true,"valueName":"search_term_string"}}],"inLanguage":"es"}]}},"acf":[],"_links":{"self":[{"href":"https:\/\/tiendatool.com\/index.php\/wp-json\/wp\/v2\/product\/6190"}],"collection":[{"href":"https:\/\/tiendatool.com\/index.php\/wp-json\/wp\/v2\/product"}],"about":[{"href":"https:\/\/tiendatool.com\/index.php\/wp-json\/wp\/v2\/types\/product"}],"wp:featuredmedia":[{"embeddable":true,"href":"https:\/\/tiendatool.com\/index.php\/wp-json\/wp\/v2\/media\/7062"}],"wp:attachment":[{"href":"https:\/\/tiendatool.com\/index.php\/wp-json\/wp\/v2\/media?parent=6190"}],"wp:term":[{"taxonomy":"product_cat","embeddable":true,"href":"https:\/\/tiendatool.com\/index.php\/wp-json\/wp\/v2\/product_cat?post=6190"},{"taxonomy":"product_tag","embeddable":true,"href":"https:\/\/tiendatool.com\/index.php\/wp-json\/wp\/v2\/product_tag?post=6190"}],"curies":[{"name":"wp","href":"https:\/\/api.w.org\/{rel}","templated":true}]}}