{"id":6196,"date":"2026-05-16T16:59:09","date_gmt":"2026-05-16T19:59:09","guid":{"rendered":""},"modified":"-0001-11-30T00:00:00","modified_gmt":"-0001-11-30T03:00:00","slug":"amoladora-angular-metabo-w-18-l-bl-9-125-6023748","status":"publish","type":"product","link":"https:\/\/tiendatool.com\/index.php\/product\/amoladora-angular-metabo-w-18-l-bl-9-125-6023748\/","title":{"rendered":"Amoladora angular Metabo W 18 L BL 9-125"},"content":{"rendered":"<p>Amoladora Angular Metabo W 18 L BL 9-125: Motor Brushless sin mantenimiento para eficiencia m\u00e1xima. Dise\u00f1o delgado para trabajo sin fatiga. Cubierta protectora regulable sin herramientas, desconexi\u00f3n electr\u00f3nica de seguridad. Protecci\u00f3n contra sobrecarga, arranque suave. Seguro contra arranque involuntario, compatible con sistema CAS para bater\u00edas de 18V. Eficiencia y seguridad en un dise\u00f1o compacto.<\/p>\n","protected":false},"excerpt":{"rendered":"<p>Amoladora Angular Metabo W 18 L BL 9-125: Motor Brushless sin mantenimiento para eficiencia m\u00e1xima. Dise\u00f1o delgado para trabajo sin fatiga. Cubierta protectora regulable sin herramientas, desconexi\u00f3n electr\u00f3nica de seguridad. Protecci\u00f3n contra sobrecarga, arranque suave. Seguro contra arranque involuntario, compatible con sistema CAS para bater\u00edas de 18V. Eficiencia y seguridad&hellip;<\/p>\n","protected":false},"featured_media":7068,"template":"","meta":{"_acf_changed":false},"product_cat":[254],"product_tag":[],"yoast_head":"<!-- This site is optimized with the Yoast SEO plugin v23.5 - https:\/\/yoast.com\/wordpress\/plugins\/seo\/ -->\n<title>Amoladora angular Metabo W 18 L BL 9-125 - Tienda Tool<\/title>\n<meta name=\"robots\" content=\"index, follow, max-snippet:-1, max-image-preview:large, max-video-preview:-1\" \/>\n<link rel=\"canonical\" href=\"https:\/\/tiendatool.com\/index.php\/product\/amoladora-angular-metabo-w-18-l-bl-9-125-6023748\/\" \/>\n<meta property=\"og:locale\" content=\"es_ES\" \/>\n<meta property=\"og:type\" content=\"article\" \/>\n<meta property=\"og:title\" content=\"Amoladora angular Metabo W 18 L BL 9-125 - Tienda Tool\" \/>\n<meta property=\"og:description\" content=\"Amoladora Angular Metabo W 18 L BL 9-125: Motor Brushless sin mantenimiento para eficiencia m\u00e1xima. Dise\u00f1o delgado para trabajo sin fatiga. Cubierta protectora regulable sin herramientas, desconexi\u00f3n electr\u00f3nica de seguridad. Protecci\u00f3n contra sobrecarga, arranque suave. Seguro contra arranque involuntario, compatible con sistema CAS para bater\u00edas de 18V. Eficiencia y seguridad&hellip;\" \/>\n<meta property=\"og:url\" content=\"https:\/\/tiendatool.com\/index.php\/product\/amoladora-angular-metabo-w-18-l-bl-9-125-6023748\/\" \/>\n<meta property=\"og:site_name\" content=\"Tienda Tool\" \/>\n<meta property=\"article:modified_time\" content=\"-0001-11-30T00:00:00+00:00\" \/>\n<meta property=\"og:image\" content=\"https:\/\/tiendatool.com\/wp-content\/uploads\/2026\/05\/6023748.png\" \/>\n\t<meta property=\"og:image:width\" content=\"1000\" \/>\n\t<meta property=\"og:image:height\" content=\"1000\" \/>\n\t<meta property=\"og:image:type\" content=\"image\/png\" \/>\n<meta name=\"twitter:card\" content=\"summary_large_image\" \/>\n<script type=\"application\/ld+json\" class=\"yoast-schema-graph\">{\"@context\":\"https:\/\/schema.org\",\"@graph\":[{\"@type\":\"WebPage\",\"@id\":\"https:\/\/tiendatool.com\/index.php\/product\/amoladora-angular-metabo-w-18-l-bl-9-125-6023748\/\",\"url\":\"https:\/\/tiendatool.com\/index.php\/product\/amoladora-angular-metabo-w-18-l-bl-9-125-6023748\/\",\"name\":\"Amoladora angular Metabo W 18 L BL 9-125 - Tienda Tool\",\"isPartOf\":{\"@id\":\"https:\/\/tiendatool.com\/#website\"},\"primaryImageOfPage\":{\"@id\":\"https:\/\/tiendatool.com\/index.php\/product\/amoladora-angular-metabo-w-18-l-bl-9-125-6023748\/#primaryimage\"},\"image\":{\"@id\":\"https:\/\/tiendatool.com\/index.php\/product\/amoladora-angular-metabo-w-18-l-bl-9-125-6023748\/#primaryimage\"},\"thumbnailUrl\":\"https:\/\/tiendatool.com\/wp-content\/uploads\/2026\/05\/6023748.png\",\"datePublished\":\"2026-05-16T19:59:09+00:00\",\"dateModified\":\"-0001-11-30T00:00:00+00:00\",\"breadcrumb\":{\"@id\":\"https:\/\/tiendatool.com\/index.php\/product\/amoladora-angular-metabo-w-18-l-bl-9-125-6023748\/#breadcrumb\"},\"inLanguage\":\"es\",\"potentialAction\":[{\"@type\":\"ReadAction\",\"target\":[\"https:\/\/tiendatool.com\/index.php\/product\/amoladora-angular-metabo-w-18-l-bl-9-125-6023748\/\"]}]},{\"@type\":\"ImageObject\",\"inLanguage\":\"es\",\"@id\":\"https:\/\/tiendatool.com\/index.php\/product\/amoladora-angular-metabo-w-18-l-bl-9-125-6023748\/#primaryimage\",\"url\":\"https:\/\/tiendatool.com\/wp-content\/uploads\/2026\/05\/6023748.png\",\"contentUrl\":\"https:\/\/tiendatool.com\/wp-content\/uploads\/2026\/05\/6023748.png\",\"width\":1000,\"height\":1000},{\"@type\":\"BreadcrumbList\",\"@id\":\"https:\/\/tiendatool.com\/index.php\/product\/amoladora-angular-metabo-w-18-l-bl-9-125-6023748\/#breadcrumb\",\"itemListElement\":[{\"@type\":\"ListItem\",\"position\":1,\"name\":\"Portada\",\"item\":\"https:\/\/tiendatool.com\/\"},{\"@type\":\"ListItem\",\"position\":2,\"name\":\"Shop\",\"item\":\"https:\/\/tiendatool.com\/index.php\/shop\/\"},{\"@type\":\"ListItem\",\"position\":3,\"name\":\"Amoladora angular Metabo W 18 L BL 9-125\"}]},{\"@type\":\"WebSite\",\"@id\":\"https:\/\/tiendatool.com\/#website\",\"url\":\"https:\/\/tiendatool.com\/\",\"name\":\"Tienda Tool\",\"description\":\"Todo el equipamiento que necesitas en Tienda Tool.\",\"alternateName\":\"Tienda Tool\",\"potentialAction\":[{\"@type\":\"SearchAction\",\"target\":{\"@type\":\"EntryPoint\",\"urlTemplate\":\"https:\/\/tiendatool.com\/?s={search_term_string}\"},\"query-input\":{\"@type\":\"PropertyValueSpecification\",\"valueRequired\":true,\"valueName\":\"search_term_string\"}}],\"inLanguage\":\"es\"}]}<\/script>\n<!-- \/ Yoast SEO plugin. -->","yoast_head_json":{"title":"Amoladora angular Metabo W 18 L BL 9-125 - Tienda Tool","robots":{"index":"index","follow":"follow","max-snippet":"max-snippet:-1","max-image-preview":"max-image-preview:large","max-video-preview":"max-video-preview:-1"},"canonical":"https:\/\/tiendatool.com\/index.php\/product\/amoladora-angular-metabo-w-18-l-bl-9-125-6023748\/","og_locale":"es_ES","og_type":"article","og_title":"Amoladora angular Metabo W 18 L BL 9-125 - Tienda Tool","og_description":"Amoladora Angular Metabo W 18 L BL 9-125: Motor Brushless sin mantenimiento para eficiencia m\u00e1xima. Dise\u00f1o delgado para trabajo sin fatiga. Cubierta protectora regulable sin herramientas, desconexi\u00f3n electr\u00f3nica de seguridad. Protecci\u00f3n contra sobrecarga, arranque suave. Seguro contra arranque involuntario, compatible con sistema CAS para bater\u00edas de 18V. Eficiencia y seguridad&hellip;","og_url":"https:\/\/tiendatool.com\/index.php\/product\/amoladora-angular-metabo-w-18-l-bl-9-125-6023748\/","og_site_name":"Tienda Tool","article_modified_time":"-0001-11-30T00:00:00+00:00","og_image":[{"width":1000,"height":1000,"url":"https:\/\/tiendatool.com\/wp-content\/uploads\/2026\/05\/6023748.png","type":"image\/png"}],"twitter_card":"summary_large_image","schema":{"@context":"https:\/\/schema.org","@graph":[{"@type":"WebPage","@id":"https:\/\/tiendatool.com\/index.php\/product\/amoladora-angular-metabo-w-18-l-bl-9-125-6023748\/","url":"https:\/\/tiendatool.com\/index.php\/product\/amoladora-angular-metabo-w-18-l-bl-9-125-6023748\/","name":"Amoladora angular Metabo W 18 L BL 9-125 - Tienda Tool","isPartOf":{"@id":"https:\/\/tiendatool.com\/#website"},"primaryImageOfPage":{"@id":"https:\/\/tiendatool.com\/index.php\/product\/amoladora-angular-metabo-w-18-l-bl-9-125-6023748\/#primaryimage"},"image":{"@id":"https:\/\/tiendatool.com\/index.php\/product\/amoladora-angular-metabo-w-18-l-bl-9-125-6023748\/#primaryimage"},"thumbnailUrl":"https:\/\/tiendatool.com\/wp-content\/uploads\/2026\/05\/6023748.png","datePublished":"2026-05-16T19:59:09+00:00","dateModified":"-0001-11-30T00:00:00+00:00","breadcrumb":{"@id":"https:\/\/tiendatool.com\/index.php\/product\/amoladora-angular-metabo-w-18-l-bl-9-125-6023748\/#breadcrumb"},"inLanguage":"es","potentialAction":[{"@type":"ReadAction","target":["https:\/\/tiendatool.com\/index.php\/product\/amoladora-angular-metabo-w-18-l-bl-9-125-6023748\/"]}]},{"@type":"ImageObject","inLanguage":"es","@id":"https:\/\/tiendatool.com\/index.php\/product\/amoladora-angular-metabo-w-18-l-bl-9-125-6023748\/#primaryimage","url":"https:\/\/tiendatool.com\/wp-content\/uploads\/2026\/05\/6023748.png","contentUrl":"https:\/\/tiendatool.com\/wp-content\/uploads\/2026\/05\/6023748.png","width":1000,"height":1000},{"@type":"BreadcrumbList","@id":"https:\/\/tiendatool.com\/index.php\/product\/amoladora-angular-metabo-w-18-l-bl-9-125-6023748\/#breadcrumb","itemListElement":[{"@type":"ListItem","position":1,"name":"Portada","item":"https:\/\/tiendatool.com\/"},{"@type":"ListItem","position":2,"name":"Shop","item":"https:\/\/tiendatool.com\/index.php\/shop\/"},{"@type":"ListItem","position":3,"name":"Amoladora angular Metabo W 18 L BL 9-125"}]},{"@type":"WebSite","@id":"https:\/\/tiendatool.com\/#website","url":"https:\/\/tiendatool.com\/","name":"Tienda Tool","description":"Todo el equipamiento que necesitas en Tienda Tool.","alternateName":"Tienda Tool","potentialAction":[{"@type":"SearchAction","target":{"@type":"EntryPoint","urlTemplate":"https:\/\/tiendatool.com\/?s={search_term_string}"},"query-input":{"@type":"PropertyValueSpecification","valueRequired":true,"valueName":"search_term_string"}}],"inLanguage":"es"}]}},"acf":[],"_links":{"self":[{"href":"https:\/\/tiendatool.com\/index.php\/wp-json\/wp\/v2\/product\/6196"}],"collection":[{"href":"https:\/\/tiendatool.com\/index.php\/wp-json\/wp\/v2\/product"}],"about":[{"href":"https:\/\/tiendatool.com\/index.php\/wp-json\/wp\/v2\/types\/product"}],"wp:featuredmedia":[{"embeddable":true,"href":"https:\/\/tiendatool.com\/index.php\/wp-json\/wp\/v2\/media\/7068"}],"wp:attachment":[{"href":"https:\/\/tiendatool.com\/index.php\/wp-json\/wp\/v2\/media?parent=6196"}],"wp:term":[{"taxonomy":"product_cat","embeddable":true,"href":"https:\/\/tiendatool.com\/index.php\/wp-json\/wp\/v2\/product_cat?post=6196"},{"taxonomy":"product_tag","embeddable":true,"href":"https:\/\/tiendatool.com\/index.php\/wp-json\/wp\/v2\/product_tag?post=6196"}],"curies":[{"name":"wp","href":"https:\/\/api.w.org\/{rel}","templated":true}]}}