{"id":6201,"date":"2026-05-16T16:59:09","date_gmt":"2026-05-16T19:59:09","guid":{"rendered":""},"modified":"-0001-11-30T00:00:00","modified_gmt":"-0001-11-30T03:00:00","slug":"amoladora-angular-metabo-we-24-180-mvt-6064682","status":"publish","type":"product","link":"https:\/\/tiendatool.com\/index.php\/product\/amoladora-angular-metabo-we-24-180-mvt-6064682\/","title":{"rendered":"Amoladora angular Metabo WE 24-180 MVT"},"content":{"rendered":"<p>Amoladora angular con Motor Marathon de Metabo con protecci\u00f3n contra polvo patentada para una larga vida \u00fatil. Desconexi\u00f3n electr\u00f3nica de seguridad: reduce el contragolpe cuando se bloquea el disco  para una alta seguridad del usuario. Empu\u00f1adura principal giratoria y empu\u00f1adura adicional montable en 3 posiciones para una posici\u00f3n \u00f3ptima de la empu\u00f1adura, incluso al cortar. Cubierta protectora regulable sin necesidad de herramientas; se puede fijar protegida contra torsi\u00f3n. Limitaci\u00f3n de la corriente de arranque con arranque suave: evita que salte el fusible durante el arranque. Protecci\u00f3n contra sobrecarga electr\u00f3nica y protecci\u00f3n contra puesta en marcha. VibraTech (MVT) de Metabo: sistema amortiguador integrado y empu\u00f1adura adicional para reducir las vibraciones para proteger la salud. El interruptor de seguridad de Metabo evita una conexi\u00f3n involuntaria. Escobillas de carb\u00f3n autodesconectantes para la protecci\u00f3n del motor. Se\u00f1al LED en caso de protecci\u00f3n contra arranque involuntario activada o sobrecalentamiento.<\/p>\n","protected":false},"excerpt":{"rendered":"<p>Amoladora angular con Motor Marathon de Metabo con protecci\u00f3n contra polvo patentada para una larga vida \u00fatil. Desconexi\u00f3n electr\u00f3nica de seguridad: reduce el contragolpe cuando se bloquea el disco para una alta seguridad del usuario. Empu\u00f1adura principal giratoria y empu\u00f1adura adicional montable en 3 posiciones para una posici\u00f3n \u00f3ptima de&hellip;<\/p>\n","protected":false},"featured_media":7073,"template":"","meta":{"_acf_changed":false},"product_cat":[255],"product_tag":[],"yoast_head":"<!-- This site is optimized with the Yoast SEO plugin v23.5 - https:\/\/yoast.com\/wordpress\/plugins\/seo\/ -->\n<title>Amoladora angular Metabo WE 24-180 MVT - Tienda Tool<\/title>\n<meta name=\"robots\" content=\"index, follow, max-snippet:-1, max-image-preview:large, max-video-preview:-1\" \/>\n<link rel=\"canonical\" href=\"https:\/\/tiendatool.com\/index.php\/product\/amoladora-angular-metabo-we-24-180-mvt-6064682\/\" \/>\n<meta property=\"og:locale\" content=\"es_ES\" \/>\n<meta property=\"og:type\" content=\"article\" \/>\n<meta property=\"og:title\" content=\"Amoladora angular Metabo WE 24-180 MVT - Tienda Tool\" \/>\n<meta property=\"og:description\" content=\"Amoladora angular con Motor Marathon de Metabo con protecci\u00f3n contra polvo patentada para una larga vida \u00fatil. Desconexi\u00f3n electr\u00f3nica de seguridad: reduce el contragolpe cuando se bloquea el disco para una alta seguridad del usuario. Empu\u00f1adura principal giratoria y empu\u00f1adura adicional montable en 3 posiciones para una posici\u00f3n \u00f3ptima de&hellip;\" \/>\n<meta property=\"og:url\" content=\"https:\/\/tiendatool.com\/index.php\/product\/amoladora-angular-metabo-we-24-180-mvt-6064682\/\" \/>\n<meta property=\"og:site_name\" content=\"Tienda Tool\" \/>\n<meta property=\"article:modified_time\" content=\"-0001-11-30T00:00:00+00:00\" \/>\n<meta property=\"og:image\" content=\"https:\/\/tiendatool.com\/wp-content\/uploads\/2026\/05\/6064682.png\" \/>\n\t<meta property=\"og:image:width\" content=\"1000\" \/>\n\t<meta property=\"og:image:height\" content=\"1000\" \/>\n\t<meta property=\"og:image:type\" content=\"image\/png\" \/>\n<meta name=\"twitter:card\" content=\"summary_large_image\" \/>\n<meta name=\"twitter:label1\" content=\"Tiempo de lectura\" \/>\n\t<meta name=\"twitter:data1\" content=\"1 minuto\" \/>\n<script type=\"application\/ld+json\" class=\"yoast-schema-graph\">{\"@context\":\"https:\/\/schema.org\",\"@graph\":[{\"@type\":\"WebPage\",\"@id\":\"https:\/\/tiendatool.com\/index.php\/product\/amoladora-angular-metabo-we-24-180-mvt-6064682\/\",\"url\":\"https:\/\/tiendatool.com\/index.php\/product\/amoladora-angular-metabo-we-24-180-mvt-6064682\/\",\"name\":\"Amoladora angular Metabo WE 24-180 MVT - Tienda Tool\",\"isPartOf\":{\"@id\":\"https:\/\/tiendatool.com\/#website\"},\"primaryImageOfPage\":{\"@id\":\"https:\/\/tiendatool.com\/index.php\/product\/amoladora-angular-metabo-we-24-180-mvt-6064682\/#primaryimage\"},\"image\":{\"@id\":\"https:\/\/tiendatool.com\/index.php\/product\/amoladora-angular-metabo-we-24-180-mvt-6064682\/#primaryimage\"},\"thumbnailUrl\":\"https:\/\/tiendatool.com\/wp-content\/uploads\/2026\/05\/6064682.png\",\"datePublished\":\"2026-05-16T19:59:09+00:00\",\"dateModified\":\"-0001-11-30T00:00:00+00:00\",\"breadcrumb\":{\"@id\":\"https:\/\/tiendatool.com\/index.php\/product\/amoladora-angular-metabo-we-24-180-mvt-6064682\/#breadcrumb\"},\"inLanguage\":\"es\",\"potentialAction\":[{\"@type\":\"ReadAction\",\"target\":[\"https:\/\/tiendatool.com\/index.php\/product\/amoladora-angular-metabo-we-24-180-mvt-6064682\/\"]}]},{\"@type\":\"ImageObject\",\"inLanguage\":\"es\",\"@id\":\"https:\/\/tiendatool.com\/index.php\/product\/amoladora-angular-metabo-we-24-180-mvt-6064682\/#primaryimage\",\"url\":\"https:\/\/tiendatool.com\/wp-content\/uploads\/2026\/05\/6064682.png\",\"contentUrl\":\"https:\/\/tiendatool.com\/wp-content\/uploads\/2026\/05\/6064682.png\",\"width\":1000,\"height\":1000},{\"@type\":\"BreadcrumbList\",\"@id\":\"https:\/\/tiendatool.com\/index.php\/product\/amoladora-angular-metabo-we-24-180-mvt-6064682\/#breadcrumb\",\"itemListElement\":[{\"@type\":\"ListItem\",\"position\":1,\"name\":\"Portada\",\"item\":\"https:\/\/tiendatool.com\/\"},{\"@type\":\"ListItem\",\"position\":2,\"name\":\"Shop\",\"item\":\"https:\/\/tiendatool.com\/index.php\/shop\/\"},{\"@type\":\"ListItem\",\"position\":3,\"name\":\"Amoladora angular Metabo WE 24-180 MVT\"}]},{\"@type\":\"WebSite\",\"@id\":\"https:\/\/tiendatool.com\/#website\",\"url\":\"https:\/\/tiendatool.com\/\",\"name\":\"Tienda Tool\",\"description\":\"Todo el equipamiento que necesitas en Tienda Tool.\",\"alternateName\":\"Tienda Tool\",\"potentialAction\":[{\"@type\":\"SearchAction\",\"target\":{\"@type\":\"EntryPoint\",\"urlTemplate\":\"https:\/\/tiendatool.com\/?s={search_term_string}\"},\"query-input\":{\"@type\":\"PropertyValueSpecification\",\"valueRequired\":true,\"valueName\":\"search_term_string\"}}],\"inLanguage\":\"es\"}]}<\/script>\n<!-- \/ Yoast SEO plugin. -->","yoast_head_json":{"title":"Amoladora angular Metabo WE 24-180 MVT - Tienda Tool","robots":{"index":"index","follow":"follow","max-snippet":"max-snippet:-1","max-image-preview":"max-image-preview:large","max-video-preview":"max-video-preview:-1"},"canonical":"https:\/\/tiendatool.com\/index.php\/product\/amoladora-angular-metabo-we-24-180-mvt-6064682\/","og_locale":"es_ES","og_type":"article","og_title":"Amoladora angular Metabo WE 24-180 MVT - Tienda Tool","og_description":"Amoladora angular con Motor Marathon de Metabo con protecci\u00f3n contra polvo patentada para una larga vida \u00fatil. Desconexi\u00f3n electr\u00f3nica de seguridad: reduce el contragolpe cuando se bloquea el disco para una alta seguridad del usuario. Empu\u00f1adura principal giratoria y empu\u00f1adura adicional montable en 3 posiciones para una posici\u00f3n \u00f3ptima de&hellip;","og_url":"https:\/\/tiendatool.com\/index.php\/product\/amoladora-angular-metabo-we-24-180-mvt-6064682\/","og_site_name":"Tienda Tool","article_modified_time":"-0001-11-30T00:00:00+00:00","og_image":[{"width":1000,"height":1000,"url":"https:\/\/tiendatool.com\/wp-content\/uploads\/2026\/05\/6064682.png","type":"image\/png"}],"twitter_card":"summary_large_image","twitter_misc":{"Tiempo de lectura":"1 minuto"},"schema":{"@context":"https:\/\/schema.org","@graph":[{"@type":"WebPage","@id":"https:\/\/tiendatool.com\/index.php\/product\/amoladora-angular-metabo-we-24-180-mvt-6064682\/","url":"https:\/\/tiendatool.com\/index.php\/product\/amoladora-angular-metabo-we-24-180-mvt-6064682\/","name":"Amoladora angular Metabo WE 24-180 MVT - Tienda Tool","isPartOf":{"@id":"https:\/\/tiendatool.com\/#website"},"primaryImageOfPage":{"@id":"https:\/\/tiendatool.com\/index.php\/product\/amoladora-angular-metabo-we-24-180-mvt-6064682\/#primaryimage"},"image":{"@id":"https:\/\/tiendatool.com\/index.php\/product\/amoladora-angular-metabo-we-24-180-mvt-6064682\/#primaryimage"},"thumbnailUrl":"https:\/\/tiendatool.com\/wp-content\/uploads\/2026\/05\/6064682.png","datePublished":"2026-05-16T19:59:09+00:00","dateModified":"-0001-11-30T00:00:00+00:00","breadcrumb":{"@id":"https:\/\/tiendatool.com\/index.php\/product\/amoladora-angular-metabo-we-24-180-mvt-6064682\/#breadcrumb"},"inLanguage":"es","potentialAction":[{"@type":"ReadAction","target":["https:\/\/tiendatool.com\/index.php\/product\/amoladora-angular-metabo-we-24-180-mvt-6064682\/"]}]},{"@type":"ImageObject","inLanguage":"es","@id":"https:\/\/tiendatool.com\/index.php\/product\/amoladora-angular-metabo-we-24-180-mvt-6064682\/#primaryimage","url":"https:\/\/tiendatool.com\/wp-content\/uploads\/2026\/05\/6064682.png","contentUrl":"https:\/\/tiendatool.com\/wp-content\/uploads\/2026\/05\/6064682.png","width":1000,"height":1000},{"@type":"BreadcrumbList","@id":"https:\/\/tiendatool.com\/index.php\/product\/amoladora-angular-metabo-we-24-180-mvt-6064682\/#breadcrumb","itemListElement":[{"@type":"ListItem","position":1,"name":"Portada","item":"https:\/\/tiendatool.com\/"},{"@type":"ListItem","position":2,"name":"Shop","item":"https:\/\/tiendatool.com\/index.php\/shop\/"},{"@type":"ListItem","position":3,"name":"Amoladora angular Metabo WE 24-180 MVT"}]},{"@type":"WebSite","@id":"https:\/\/tiendatool.com\/#website","url":"https:\/\/tiendatool.com\/","name":"Tienda Tool","description":"Todo el equipamiento que necesitas en Tienda Tool.","alternateName":"Tienda Tool","potentialAction":[{"@type":"SearchAction","target":{"@type":"EntryPoint","urlTemplate":"https:\/\/tiendatool.com\/?s={search_term_string}"},"query-input":{"@type":"PropertyValueSpecification","valueRequired":true,"valueName":"search_term_string"}}],"inLanguage":"es"}]}},"acf":[],"_links":{"self":[{"href":"https:\/\/tiendatool.com\/index.php\/wp-json\/wp\/v2\/product\/6201"}],"collection":[{"href":"https:\/\/tiendatool.com\/index.php\/wp-json\/wp\/v2\/product"}],"about":[{"href":"https:\/\/tiendatool.com\/index.php\/wp-json\/wp\/v2\/types\/product"}],"wp:featuredmedia":[{"embeddable":true,"href":"https:\/\/tiendatool.com\/index.php\/wp-json\/wp\/v2\/media\/7073"}],"wp:attachment":[{"href":"https:\/\/tiendatool.com\/index.php\/wp-json\/wp\/v2\/media?parent=6201"}],"wp:term":[{"taxonomy":"product_cat","embeddable":true,"href":"https:\/\/tiendatool.com\/index.php\/wp-json\/wp\/v2\/product_cat?post=6201"},{"taxonomy":"product_tag","embeddable":true,"href":"https:\/\/tiendatool.com\/index.php\/wp-json\/wp\/v2\/product_tag?post=6201"}],"curies":[{"name":"wp","href":"https:\/\/api.w.org\/{rel}","templated":true}]}}