{"id":6354,"date":"2026-05-16T16:59:11","date_gmt":"2026-05-16T19:59:11","guid":{"rendered":""},"modified":"-0001-11-30T00:00:00","modified_gmt":"-0001-11-30T03:00:00","slug":"amoladora-angular-a-bateria-metabo-wb-18-ltx-bl-15-180-quick-6017358","status":"publish","type":"product","link":"https:\/\/tiendatool.com\/index.php\/product\/amoladora-angular-a-bateria-metabo-wb-18-ltx-bl-15-180-quick-6017358\/","title":{"rendered":"Amoladora angular a bater\u00eda Metabo WB 18 LTX BL 15-180 QUICK"},"content":{"rendered":"<p>18V; metaBOX 165 L; con freno, tuerca de sujeci\u00f3n r\u00e1pida.<br \/>\nAmoladora angular de bater\u00eda sin escobillas de la nueva generaci\u00f3n: la m\u00e1s potente de su clase, tan potente como una m\u00e1quina de cable de 1500 vatios.<br \/>\nGran profundidad de corte comparable con una amoladora angular de cable grande \u00d8 230 mm; ideal para trabajos de corte en el techo.<br \/>\nMotor Brushless libre de servicio con la m\u00e1s alta eficiencia y m\u00e1xima manejabilidad.<br \/>\nSistema de frenado r\u00e1pido para la m\u00e1xima protecci\u00f3n del usuario: el disco se detiene en 1,5 segundos tras la desconexi\u00f3n.<br \/>\nSistema M-Quick para el cambio del disco sin herramienta, presionando un bot\u00f3n.<br \/>\nCubierta protectora regulable sin necesidad de herramientas; se puede fijar protegida contra torsi\u00f3n<br \/>\nBater\u00eda giratoria en pasos de 90\u00b0 para una mejor ergonom\u00eda en cada posici\u00f3n de trabajo.<br \/>\nEmbrague de seguridad mec\u00e1nico S-automatic de Metabo: minimiza el contragolpe cuando se bloquea el disco al nivel m\u00e1s bajo en el mercado  para una m\u00e1xima protecci\u00f3n del usuario.<br \/>\nProtecci\u00f3n contra sobrecarga electr\u00f3nica, arranque suave y seguro contra arranque involuntario.<br \/>\nFiltro protector contra el polvo desmontable como protecci\u00f3n del motor contra part\u00edculas bastas.<br \/>\nCon metaBOX, la soluci\u00f3n inteligente para el transporte y almacenamiento.<br \/>\nMuchas marcas, un sistema de bater\u00edas: se puede combinar con todas las bater\u00edas de 18V y cargadores de las marcas CAS: www.cordless-alliance-system.com<br \/>\nFast Brake: freno de inercia para una mayor seguridad gracias a la detenci\u00f3n r\u00e1pida de la herramienta de inserci\u00f3n.<\/p>\n<p>Dependiendo de la configuraci\u00f3n, la m\u00e1quina ilustrada puede variar en equipamiento y detalles t\u00e9cnicos.<br \/>\nObservar el suministro est\u00e1ndar y la descripci\u00f3n de producto.<br \/>\nAccesorios solo se incluyen si se indica en el suministro est\u00e1ndar:<br \/>\nEmpu\u00f1adura adicional VibraTech (MVT) de Metabo<br \/>\nFiltro protector contra polvo<br \/>\nmetaBOX 165 L<br \/>\nsin bater\u00eda, sin cargador<br \/>\nCubierta protectora<br \/>\nBrida de apoyo<br \/>\nTuerca de sujeci\u00f3n M-Quick<\/p>\n","protected":false},"excerpt":{"rendered":"<p>18V; metaBOX 165 L; con freno, tuerca de sujeci\u00f3n r\u00e1pida. Amoladora angular de bater\u00eda sin escobillas de la nueva generaci\u00f3n: la m\u00e1s potente de su clase, tan potente como una m\u00e1quina de cable de 1500 vatios. Gran profundidad de corte comparable con una amoladora angular de cable grande \u00d8 230&hellip;<\/p>\n","protected":false},"featured_media":7327,"template":"","meta":{"_acf_changed":false},"product_cat":[254],"product_tag":[],"yoast_head":"<!-- This site is optimized with the Yoast SEO plugin v23.5 - https:\/\/yoast.com\/wordpress\/plugins\/seo\/ -->\n<title>Amoladora angular a bater\u00eda Metabo WB 18 LTX BL 15-180 QUICK - Tienda Tool<\/title>\n<meta name=\"robots\" content=\"index, follow, max-snippet:-1, max-image-preview:large, max-video-preview:-1\" \/>\n<link rel=\"canonical\" href=\"https:\/\/tiendatool.com\/index.php\/product\/amoladora-angular-a-bateria-metabo-wb-18-ltx-bl-15-180-quick-6017358\/\" \/>\n<meta property=\"og:locale\" content=\"es_ES\" \/>\n<meta property=\"og:type\" content=\"article\" \/>\n<meta property=\"og:title\" content=\"Amoladora angular a bater\u00eda Metabo WB 18 LTX BL 15-180 QUICK - Tienda Tool\" \/>\n<meta property=\"og:description\" content=\"18V; metaBOX 165 L; con freno, tuerca de sujeci\u00f3n r\u00e1pida. Amoladora angular de bater\u00eda sin escobillas de la nueva generaci\u00f3n: la m\u00e1s potente de su clase, tan potente como una m\u00e1quina de cable de 1500 vatios. Gran profundidad de corte comparable con una amoladora angular de cable grande \u00d8 230&hellip;\" \/>\n<meta property=\"og:url\" content=\"https:\/\/tiendatool.com\/index.php\/product\/amoladora-angular-a-bateria-metabo-wb-18-ltx-bl-15-180-quick-6017358\/\" \/>\n<meta property=\"og:site_name\" content=\"Tienda Tool\" \/>\n<meta property=\"article:modified_time\" content=\"-0001-11-30T00:00:00+00:00\" \/>\n<meta property=\"og:image\" content=\"https:\/\/tiendatool.com\/wp-content\/uploads\/2023\/08\/logo-tiendatool-100.png\" \/>\n\t<meta property=\"og:image:width\" content=\"250\" \/>\n\t<meta property=\"og:image:height\" content=\"100\" \/>\n\t<meta property=\"og:image:type\" content=\"image\/png\" \/>\n<meta name=\"twitter:card\" content=\"summary_large_image\" \/>\n<meta name=\"twitter:label1\" content=\"Tiempo de lectura\" \/>\n\t<meta name=\"twitter:data1\" content=\"2 minutos\" \/>\n<script type=\"application\/ld+json\" class=\"yoast-schema-graph\">{\"@context\":\"https:\/\/schema.org\",\"@graph\":[{\"@type\":\"WebPage\",\"@id\":\"https:\/\/tiendatool.com\/index.php\/product\/amoladora-angular-a-bateria-metabo-wb-18-ltx-bl-15-180-quick-6017358\/\",\"url\":\"https:\/\/tiendatool.com\/index.php\/product\/amoladora-angular-a-bateria-metabo-wb-18-ltx-bl-15-180-quick-6017358\/\",\"name\":\"Amoladora angular a bater\u00eda Metabo WB 18 LTX BL 15-180 QUICK - Tienda Tool\",\"isPartOf\":{\"@id\":\"https:\/\/tiendatool.com\/#website\"},\"primaryImageOfPage\":{\"@id\":\"https:\/\/tiendatool.com\/index.php\/product\/amoladora-angular-a-bateria-metabo-wb-18-ltx-bl-15-180-quick-6017358\/#primaryimage\"},\"image\":{\"@id\":\"https:\/\/tiendatool.com\/index.php\/product\/amoladora-angular-a-bateria-metabo-wb-18-ltx-bl-15-180-quick-6017358\/#primaryimage\"},\"thumbnailUrl\":\"https:\/\/tiendatool.com\/wp-content\/uploads\/2026\/05\/image66fa99d9e1cd1-6017358.png\",\"datePublished\":\"2026-05-16T19:59:11+00:00\",\"dateModified\":\"-0001-11-30T00:00:00+00:00\",\"breadcrumb\":{\"@id\":\"https:\/\/tiendatool.com\/index.php\/product\/amoladora-angular-a-bateria-metabo-wb-18-ltx-bl-15-180-quick-6017358\/#breadcrumb\"},\"inLanguage\":\"es\",\"potentialAction\":[{\"@type\":\"ReadAction\",\"target\":[\"https:\/\/tiendatool.com\/index.php\/product\/amoladora-angular-a-bateria-metabo-wb-18-ltx-bl-15-180-quick-6017358\/\"]}]},{\"@type\":\"ImageObject\",\"inLanguage\":\"es\",\"@id\":\"https:\/\/tiendatool.com\/index.php\/product\/amoladora-angular-a-bateria-metabo-wb-18-ltx-bl-15-180-quick-6017358\/#primaryimage\",\"url\":\"https:\/\/tiendatool.com\/wp-content\/uploads\/2026\/05\/image66fa99d9e1cd1-6017358.png\",\"contentUrl\":\"https:\/\/tiendatool.com\/wp-content\/uploads\/2026\/05\/image66fa99d9e1cd1-6017358.png\",\"width\":600,\"height\":600},{\"@type\":\"BreadcrumbList\",\"@id\":\"https:\/\/tiendatool.com\/index.php\/product\/amoladora-angular-a-bateria-metabo-wb-18-ltx-bl-15-180-quick-6017358\/#breadcrumb\",\"itemListElement\":[{\"@type\":\"ListItem\",\"position\":1,\"name\":\"Portada\",\"item\":\"https:\/\/tiendatool.com\/\"},{\"@type\":\"ListItem\",\"position\":2,\"name\":\"Shop\",\"item\":\"https:\/\/tiendatool.com\/index.php\/shop\/\"},{\"@type\":\"ListItem\",\"position\":3,\"name\":\"Amoladora angular a bater\u00eda Metabo WB 18 LTX BL 15-180 QUICK\"}]},{\"@type\":\"WebSite\",\"@id\":\"https:\/\/tiendatool.com\/#website\",\"url\":\"https:\/\/tiendatool.com\/\",\"name\":\"Tienda Tool\",\"description\":\"Todo el equipamiento que necesitas en Tienda Tool.\",\"alternateName\":\"Tienda Tool\",\"potentialAction\":[{\"@type\":\"SearchAction\",\"target\":{\"@type\":\"EntryPoint\",\"urlTemplate\":\"https:\/\/tiendatool.com\/?s={search_term_string}\"},\"query-input\":{\"@type\":\"PropertyValueSpecification\",\"valueRequired\":true,\"valueName\":\"search_term_string\"}}],\"inLanguage\":\"es\"}]}<\/script>\n<!-- \/ Yoast SEO plugin. -->","yoast_head_json":{"title":"Amoladora angular a bater\u00eda Metabo WB 18 LTX BL 15-180 QUICK - Tienda Tool","robots":{"index":"index","follow":"follow","max-snippet":"max-snippet:-1","max-image-preview":"max-image-preview:large","max-video-preview":"max-video-preview:-1"},"canonical":"https:\/\/tiendatool.com\/index.php\/product\/amoladora-angular-a-bateria-metabo-wb-18-ltx-bl-15-180-quick-6017358\/","og_locale":"es_ES","og_type":"article","og_title":"Amoladora angular a bater\u00eda Metabo WB 18 LTX BL 15-180 QUICK - Tienda Tool","og_description":"18V; metaBOX 165 L; con freno, tuerca de sujeci\u00f3n r\u00e1pida. Amoladora angular de bater\u00eda sin escobillas de la nueva generaci\u00f3n: la m\u00e1s potente de su clase, tan potente como una m\u00e1quina de cable de 1500 vatios. Gran profundidad de corte comparable con una amoladora angular de cable grande \u00d8 230&hellip;","og_url":"https:\/\/tiendatool.com\/index.php\/product\/amoladora-angular-a-bateria-metabo-wb-18-ltx-bl-15-180-quick-6017358\/","og_site_name":"Tienda Tool","article_modified_time":"-0001-11-30T00:00:00+00:00","og_image":[{"width":250,"height":100,"url":"https:\/\/tiendatool.com\/wp-content\/uploads\/2023\/08\/logo-tiendatool-100.png","type":"image\/png"}],"twitter_card":"summary_large_image","twitter_misc":{"Tiempo de lectura":"2 minutos"},"schema":{"@context":"https:\/\/schema.org","@graph":[{"@type":"WebPage","@id":"https:\/\/tiendatool.com\/index.php\/product\/amoladora-angular-a-bateria-metabo-wb-18-ltx-bl-15-180-quick-6017358\/","url":"https:\/\/tiendatool.com\/index.php\/product\/amoladora-angular-a-bateria-metabo-wb-18-ltx-bl-15-180-quick-6017358\/","name":"Amoladora angular a bater\u00eda Metabo WB 18 LTX BL 15-180 QUICK - Tienda Tool","isPartOf":{"@id":"https:\/\/tiendatool.com\/#website"},"primaryImageOfPage":{"@id":"https:\/\/tiendatool.com\/index.php\/product\/amoladora-angular-a-bateria-metabo-wb-18-ltx-bl-15-180-quick-6017358\/#primaryimage"},"image":{"@id":"https:\/\/tiendatool.com\/index.php\/product\/amoladora-angular-a-bateria-metabo-wb-18-ltx-bl-15-180-quick-6017358\/#primaryimage"},"thumbnailUrl":"https:\/\/tiendatool.com\/wp-content\/uploads\/2026\/05\/image66fa99d9e1cd1-6017358.png","datePublished":"2026-05-16T19:59:11+00:00","dateModified":"-0001-11-30T00:00:00+00:00","breadcrumb":{"@id":"https:\/\/tiendatool.com\/index.php\/product\/amoladora-angular-a-bateria-metabo-wb-18-ltx-bl-15-180-quick-6017358\/#breadcrumb"},"inLanguage":"es","potentialAction":[{"@type":"ReadAction","target":["https:\/\/tiendatool.com\/index.php\/product\/amoladora-angular-a-bateria-metabo-wb-18-ltx-bl-15-180-quick-6017358\/"]}]},{"@type":"ImageObject","inLanguage":"es","@id":"https:\/\/tiendatool.com\/index.php\/product\/amoladora-angular-a-bateria-metabo-wb-18-ltx-bl-15-180-quick-6017358\/#primaryimage","url":"https:\/\/tiendatool.com\/wp-content\/uploads\/2026\/05\/image66fa99d9e1cd1-6017358.png","contentUrl":"https:\/\/tiendatool.com\/wp-content\/uploads\/2026\/05\/image66fa99d9e1cd1-6017358.png","width":600,"height":600},{"@type":"BreadcrumbList","@id":"https:\/\/tiendatool.com\/index.php\/product\/amoladora-angular-a-bateria-metabo-wb-18-ltx-bl-15-180-quick-6017358\/#breadcrumb","itemListElement":[{"@type":"ListItem","position":1,"name":"Portada","item":"https:\/\/tiendatool.com\/"},{"@type":"ListItem","position":2,"name":"Shop","item":"https:\/\/tiendatool.com\/index.php\/shop\/"},{"@type":"ListItem","position":3,"name":"Amoladora angular a bater\u00eda Metabo WB 18 LTX BL 15-180 QUICK"}]},{"@type":"WebSite","@id":"https:\/\/tiendatool.com\/#website","url":"https:\/\/tiendatool.com\/","name":"Tienda Tool","description":"Todo el equipamiento que necesitas en Tienda Tool.","alternateName":"Tienda Tool","potentialAction":[{"@type":"SearchAction","target":{"@type":"EntryPoint","urlTemplate":"https:\/\/tiendatool.com\/?s={search_term_string}"},"query-input":{"@type":"PropertyValueSpecification","valueRequired":true,"valueName":"search_term_string"}}],"inLanguage":"es"}]}},"acf":[],"_links":{"self":[{"href":"https:\/\/tiendatool.com\/index.php\/wp-json\/wp\/v2\/product\/6354"}],"collection":[{"href":"https:\/\/tiendatool.com\/index.php\/wp-json\/wp\/v2\/product"}],"about":[{"href":"https:\/\/tiendatool.com\/index.php\/wp-json\/wp\/v2\/types\/product"}],"wp:featuredmedia":[{"embeddable":true,"href":"https:\/\/tiendatool.com\/index.php\/wp-json\/wp\/v2\/media\/7327"}],"wp:attachment":[{"href":"https:\/\/tiendatool.com\/index.php\/wp-json\/wp\/v2\/media?parent=6354"}],"wp:term":[{"taxonomy":"product_cat","embeddable":true,"href":"https:\/\/tiendatool.com\/index.php\/wp-json\/wp\/v2\/product_cat?post=6354"},{"taxonomy":"product_tag","embeddable":true,"href":"https:\/\/tiendatool.com\/index.php\/wp-json\/wp\/v2\/product_tag?post=6354"}],"curies":[{"name":"wp","href":"https:\/\/api.w.org\/{rel}","templated":true}]}}