{"id":6470,"date":"2026-05-16T16:59:12","date_gmt":"2026-05-16T19:59:12","guid":{"rendered":""},"modified":"-0001-11-30T00:00:00","modified_gmt":"-0001-11-30T03:00:00","slug":"taladro-de-percusion-metabo-sbe-800-2-6017442","status":"publish","type":"product","link":"https:\/\/tiendatool.com\/index.php\/product\/taladro-de-percusion-metabo-sbe-800-2-6017442\/","title":{"rendered":"Taladro de percusi\u00f3n Metabo SBE 800-2"},"content":{"rendered":"<p>El taladro de percusi\u00f3n Metabo SBE 800-2, es conocido por su potencia de 800 W y su capacidad para perforar en una variedad de materiales, incluyendo mamposter\u00eda, hormig\u00f3n, acero y madera blanda. Este taladro cuenta con dos marchas y revoluciones variables para adaptarse a diferentes necesidades de perforaci\u00f3n. Adem\u00e1s, incluye un embrague de seguridad S-automatic que desacopla el accionamiento mec\u00e1nico en caso de bloqueo, garantizando un trabajo m\u00e1s seguro.<\/p>\n","protected":false},"excerpt":{"rendered":"<p>El taladro de percusi\u00f3n Metabo SBE 800-2, es conocido por su potencia de 800 W y su capacidad para perforar en una variedad de materiales, incluyendo mamposter\u00eda, hormig\u00f3n, acero y madera blanda. Este taladro cuenta con dos marchas y revoluciones variables para adaptarse a diferentes necesidades de perforaci\u00f3n. Adem\u00e1s, incluye&hellip;<\/p>\n","protected":false},"featured_media":7343,"template":"","meta":{"_acf_changed":false},"product_cat":[257],"product_tag":[],"yoast_head":"<!-- This site is optimized with the Yoast SEO plugin v23.5 - https:\/\/yoast.com\/wordpress\/plugins\/seo\/ -->\n<title>Taladro de percusi\u00f3n Metabo SBE 800-2 - Tienda Tool<\/title>\n<meta name=\"robots\" content=\"index, follow, max-snippet:-1, max-image-preview:large, max-video-preview:-1\" \/>\n<link rel=\"canonical\" href=\"https:\/\/tiendatool.com\/index.php\/product\/taladro-de-percusion-metabo-sbe-800-2-6017442\/\" \/>\n<meta property=\"og:locale\" content=\"es_ES\" \/>\n<meta property=\"og:type\" content=\"article\" \/>\n<meta property=\"og:title\" content=\"Taladro de percusi\u00f3n Metabo SBE 800-2 - Tienda Tool\" \/>\n<meta property=\"og:description\" content=\"El taladro de percusi\u00f3n Metabo SBE 800-2, es conocido por su potencia de 800 W y su capacidad para perforar en una variedad de materiales, incluyendo mamposter\u00eda, hormig\u00f3n, acero y madera blanda. Este taladro cuenta con dos marchas y revoluciones variables para adaptarse a diferentes necesidades de perforaci\u00f3n. Adem\u00e1s, incluye&hellip;\" \/>\n<meta property=\"og:url\" content=\"https:\/\/tiendatool.com\/index.php\/product\/taladro-de-percusion-metabo-sbe-800-2-6017442\/\" \/>\n<meta property=\"og:site_name\" content=\"Tienda Tool\" \/>\n<meta property=\"article:modified_time\" content=\"-0001-11-30T00:00:00+00:00\" \/>\n<meta property=\"og:image\" content=\"https:\/\/tiendatool.com\/wp-content\/uploads\/2026\/05\/image67a11ded6f93f-6017442.png\" \/>\n\t<meta property=\"og:image:width\" content=\"600\" \/>\n\t<meta property=\"og:image:height\" content=\"600\" \/>\n\t<meta property=\"og:image:type\" content=\"image\/png\" \/>\n<meta name=\"twitter:card\" content=\"summary_large_image\" \/>\n<script type=\"application\/ld+json\" class=\"yoast-schema-graph\">{\"@context\":\"https:\/\/schema.org\",\"@graph\":[{\"@type\":\"WebPage\",\"@id\":\"https:\/\/tiendatool.com\/index.php\/product\/taladro-de-percusion-metabo-sbe-800-2-6017442\/\",\"url\":\"https:\/\/tiendatool.com\/index.php\/product\/taladro-de-percusion-metabo-sbe-800-2-6017442\/\",\"name\":\"Taladro de percusi\u00f3n Metabo SBE 800-2 - Tienda Tool\",\"isPartOf\":{\"@id\":\"https:\/\/tiendatool.com\/#website\"},\"primaryImageOfPage\":{\"@id\":\"https:\/\/tiendatool.com\/index.php\/product\/taladro-de-percusion-metabo-sbe-800-2-6017442\/#primaryimage\"},\"image\":{\"@id\":\"https:\/\/tiendatool.com\/index.php\/product\/taladro-de-percusion-metabo-sbe-800-2-6017442\/#primaryimage\"},\"thumbnailUrl\":\"https:\/\/tiendatool.com\/wp-content\/uploads\/2026\/05\/image67a11ded6f93f-6017442.png\",\"datePublished\":\"2026-05-16T19:59:12+00:00\",\"dateModified\":\"-0001-11-30T00:00:00+00:00\",\"breadcrumb\":{\"@id\":\"https:\/\/tiendatool.com\/index.php\/product\/taladro-de-percusion-metabo-sbe-800-2-6017442\/#breadcrumb\"},\"inLanguage\":\"es\",\"potentialAction\":[{\"@type\":\"ReadAction\",\"target\":[\"https:\/\/tiendatool.com\/index.php\/product\/taladro-de-percusion-metabo-sbe-800-2-6017442\/\"]}]},{\"@type\":\"ImageObject\",\"inLanguage\":\"es\",\"@id\":\"https:\/\/tiendatool.com\/index.php\/product\/taladro-de-percusion-metabo-sbe-800-2-6017442\/#primaryimage\",\"url\":\"https:\/\/tiendatool.com\/wp-content\/uploads\/2026\/05\/image67a11ded6f93f-6017442.png\",\"contentUrl\":\"https:\/\/tiendatool.com\/wp-content\/uploads\/2026\/05\/image67a11ded6f93f-6017442.png\",\"width\":600,\"height\":600},{\"@type\":\"BreadcrumbList\",\"@id\":\"https:\/\/tiendatool.com\/index.php\/product\/taladro-de-percusion-metabo-sbe-800-2-6017442\/#breadcrumb\",\"itemListElement\":[{\"@type\":\"ListItem\",\"position\":1,\"name\":\"Portada\",\"item\":\"https:\/\/tiendatool.com\/\"},{\"@type\":\"ListItem\",\"position\":2,\"name\":\"Shop\",\"item\":\"https:\/\/tiendatool.com\/index.php\/shop\/\"},{\"@type\":\"ListItem\",\"position\":3,\"name\":\"Taladro de percusi\u00f3n Metabo SBE 800-2\"}]},{\"@type\":\"WebSite\",\"@id\":\"https:\/\/tiendatool.com\/#website\",\"url\":\"https:\/\/tiendatool.com\/\",\"name\":\"Tienda Tool\",\"description\":\"Todo el equipamiento que necesitas en Tienda Tool.\",\"alternateName\":\"Tienda Tool\",\"potentialAction\":[{\"@type\":\"SearchAction\",\"target\":{\"@type\":\"EntryPoint\",\"urlTemplate\":\"https:\/\/tiendatool.com\/?s={search_term_string}\"},\"query-input\":{\"@type\":\"PropertyValueSpecification\",\"valueRequired\":true,\"valueName\":\"search_term_string\"}}],\"inLanguage\":\"es\"}]}<\/script>\n<!-- \/ Yoast SEO plugin. -->","yoast_head_json":{"title":"Taladro de percusi\u00f3n Metabo SBE 800-2 - Tienda Tool","robots":{"index":"index","follow":"follow","max-snippet":"max-snippet:-1","max-image-preview":"max-image-preview:large","max-video-preview":"max-video-preview:-1"},"canonical":"https:\/\/tiendatool.com\/index.php\/product\/taladro-de-percusion-metabo-sbe-800-2-6017442\/","og_locale":"es_ES","og_type":"article","og_title":"Taladro de percusi\u00f3n Metabo SBE 800-2 - Tienda Tool","og_description":"El taladro de percusi\u00f3n Metabo SBE 800-2, es conocido por su potencia de 800 W y su capacidad para perforar en una variedad de materiales, incluyendo mamposter\u00eda, hormig\u00f3n, acero y madera blanda. Este taladro cuenta con dos marchas y revoluciones variables para adaptarse a diferentes necesidades de perforaci\u00f3n. Adem\u00e1s, incluye&hellip;","og_url":"https:\/\/tiendatool.com\/index.php\/product\/taladro-de-percusion-metabo-sbe-800-2-6017442\/","og_site_name":"Tienda Tool","article_modified_time":"-0001-11-30T00:00:00+00:00","og_image":[{"width":600,"height":600,"url":"https:\/\/tiendatool.com\/wp-content\/uploads\/2026\/05\/image67a11ded6f93f-6017442.png","type":"image\/png"}],"twitter_card":"summary_large_image","schema":{"@context":"https:\/\/schema.org","@graph":[{"@type":"WebPage","@id":"https:\/\/tiendatool.com\/index.php\/product\/taladro-de-percusion-metabo-sbe-800-2-6017442\/","url":"https:\/\/tiendatool.com\/index.php\/product\/taladro-de-percusion-metabo-sbe-800-2-6017442\/","name":"Taladro de percusi\u00f3n Metabo SBE 800-2 - Tienda Tool","isPartOf":{"@id":"https:\/\/tiendatool.com\/#website"},"primaryImageOfPage":{"@id":"https:\/\/tiendatool.com\/index.php\/product\/taladro-de-percusion-metabo-sbe-800-2-6017442\/#primaryimage"},"image":{"@id":"https:\/\/tiendatool.com\/index.php\/product\/taladro-de-percusion-metabo-sbe-800-2-6017442\/#primaryimage"},"thumbnailUrl":"https:\/\/tiendatool.com\/wp-content\/uploads\/2026\/05\/image67a11ded6f93f-6017442.png","datePublished":"2026-05-16T19:59:12+00:00","dateModified":"-0001-11-30T00:00:00+00:00","breadcrumb":{"@id":"https:\/\/tiendatool.com\/index.php\/product\/taladro-de-percusion-metabo-sbe-800-2-6017442\/#breadcrumb"},"inLanguage":"es","potentialAction":[{"@type":"ReadAction","target":["https:\/\/tiendatool.com\/index.php\/product\/taladro-de-percusion-metabo-sbe-800-2-6017442\/"]}]},{"@type":"ImageObject","inLanguage":"es","@id":"https:\/\/tiendatool.com\/index.php\/product\/taladro-de-percusion-metabo-sbe-800-2-6017442\/#primaryimage","url":"https:\/\/tiendatool.com\/wp-content\/uploads\/2026\/05\/image67a11ded6f93f-6017442.png","contentUrl":"https:\/\/tiendatool.com\/wp-content\/uploads\/2026\/05\/image67a11ded6f93f-6017442.png","width":600,"height":600},{"@type":"BreadcrumbList","@id":"https:\/\/tiendatool.com\/index.php\/product\/taladro-de-percusion-metabo-sbe-800-2-6017442\/#breadcrumb","itemListElement":[{"@type":"ListItem","position":1,"name":"Portada","item":"https:\/\/tiendatool.com\/"},{"@type":"ListItem","position":2,"name":"Shop","item":"https:\/\/tiendatool.com\/index.php\/shop\/"},{"@type":"ListItem","position":3,"name":"Taladro de percusi\u00f3n Metabo SBE 800-2"}]},{"@type":"WebSite","@id":"https:\/\/tiendatool.com\/#website","url":"https:\/\/tiendatool.com\/","name":"Tienda Tool","description":"Todo el equipamiento que necesitas en Tienda Tool.","alternateName":"Tienda Tool","potentialAction":[{"@type":"SearchAction","target":{"@type":"EntryPoint","urlTemplate":"https:\/\/tiendatool.com\/?s={search_term_string}"},"query-input":{"@type":"PropertyValueSpecification","valueRequired":true,"valueName":"search_term_string"}}],"inLanguage":"es"}]}},"acf":[],"_links":{"self":[{"href":"https:\/\/tiendatool.com\/index.php\/wp-json\/wp\/v2\/product\/6470"}],"collection":[{"href":"https:\/\/tiendatool.com\/index.php\/wp-json\/wp\/v2\/product"}],"about":[{"href":"https:\/\/tiendatool.com\/index.php\/wp-json\/wp\/v2\/types\/product"}],"wp:featuredmedia":[{"embeddable":true,"href":"https:\/\/tiendatool.com\/index.php\/wp-json\/wp\/v2\/media\/7343"}],"wp:attachment":[{"href":"https:\/\/tiendatool.com\/index.php\/wp-json\/wp\/v2\/media?parent=6470"}],"wp:term":[{"taxonomy":"product_cat","embeddable":true,"href":"https:\/\/tiendatool.com\/index.php\/wp-json\/wp\/v2\/product_cat?post=6470"},{"taxonomy":"product_tag","embeddable":true,"href":"https:\/\/tiendatool.com\/index.php\/wp-json\/wp\/v2\/product_tag?post=6470"}],"curies":[{"name":"wp","href":"https:\/\/api.w.org\/{rel}","templated":true}]}}