{"id":6490,"date":"2026-05-16T16:59:12","date_gmt":"2026-05-16T19:59:12","guid":{"rendered":""},"modified":"-0001-11-30T00:00:00","modified_gmt":"-0001-11-30T03:00:00","slug":"amoladora-angular-metabo-wepba-20-125-quick-ds-bl-6006430","status":"publish","type":"product","link":"https:\/\/tiendatool.com\/index.php\/product\/amoladora-angular-metabo-wepba-20-125-quick-ds-bl-6006430\/","title":{"rendered":"Amoladora angular Metabo WEPBA 20-125 QUICK DS BL"},"content":{"rendered":"<p>La amoladora angular de 2000W es ideal para uso industrial, esta amoladora cuenta con un motor sin escobillas Marathon Brushless que garantiza m\u00e1xima productividad y larga vida \u00fatil. Mantiene altas revoluciones bajo carga y permite cambiar discos r\u00e1pidamente sin herramientas con el sistema M-Quick.<br \/>\nLa empu\u00f1adura VibraTech reduce las vibraciones, mientras que el autobalancer integrado disminuye las vibraciones mano-brazo y prolonga la vida \u00fatil de la m\u00e1quina y los discos. Incluye interruptor Paddle ergon\u00f3mico, freno de marcha en inercia, protecci\u00f3n contra contragolpes y arranque suave. Su carcasa del engranaje es ajustable en pasos de 90\u00b0 y facilita el mantenimiento.<\/p>\n","protected":false},"excerpt":{"rendered":"<p>La amoladora angular de 2000W es ideal para uso industrial, esta amoladora cuenta con un motor sin escobillas Marathon Brushless que garantiza m\u00e1xima productividad y larga vida \u00fatil. Mantiene altas revoluciones bajo carga y permite cambiar discos r\u00e1pidamente sin herramientas con el sistema M-Quick. La empu\u00f1adura VibraTech reduce las vibraciones,&hellip;<\/p>\n","protected":false},"featured_media":7363,"template":"","meta":{"_acf_changed":false},"product_cat":[255],"product_tag":[],"yoast_head":"<!-- This site is optimized with the Yoast SEO plugin v23.5 - https:\/\/yoast.com\/wordpress\/plugins\/seo\/ -->\n<title>Amoladora angular Metabo WEPBA 20-125 QUICK DS BL - Tienda Tool<\/title>\n<meta name=\"robots\" content=\"index, follow, max-snippet:-1, max-image-preview:large, max-video-preview:-1\" \/>\n<link rel=\"canonical\" href=\"https:\/\/tiendatool.com\/index.php\/product\/amoladora-angular-metabo-wepba-20-125-quick-ds-bl-6006430\/\" \/>\n<meta property=\"og:locale\" content=\"es_ES\" \/>\n<meta property=\"og:type\" content=\"article\" \/>\n<meta property=\"og:title\" content=\"Amoladora angular Metabo WEPBA 20-125 QUICK DS BL - Tienda Tool\" \/>\n<meta property=\"og:description\" content=\"La amoladora angular de 2000W es ideal para uso industrial, esta amoladora cuenta con un motor sin escobillas Marathon Brushless que garantiza m\u00e1xima productividad y larga vida \u00fatil. Mantiene altas revoluciones bajo carga y permite cambiar discos r\u00e1pidamente sin herramientas con el sistema M-Quick. La empu\u00f1adura VibraTech reduce las vibraciones,&hellip;\" \/>\n<meta property=\"og:url\" content=\"https:\/\/tiendatool.com\/index.php\/product\/amoladora-angular-metabo-wepba-20-125-quick-ds-bl-6006430\/\" \/>\n<meta property=\"og:site_name\" content=\"Tienda Tool\" \/>\n<meta property=\"article:modified_time\" content=\"-0001-11-30T00:00:00+00:00\" \/>\n<meta property=\"og:image\" content=\"https:\/\/tiendatool.com\/wp-content\/uploads\/2026\/05\/image67dae459d8e7c-6006430.png\" \/>\n\t<meta property=\"og:image:width\" content=\"600\" \/>\n\t<meta property=\"og:image:height\" content=\"600\" \/>\n\t<meta property=\"og:image:type\" content=\"image\/png\" \/>\n<meta name=\"twitter:card\" content=\"summary_large_image\" \/>\n<meta name=\"twitter:label1\" content=\"Tiempo de lectura\" \/>\n\t<meta name=\"twitter:data1\" content=\"1 minuto\" \/>\n<script type=\"application\/ld+json\" class=\"yoast-schema-graph\">{\"@context\":\"https:\/\/schema.org\",\"@graph\":[{\"@type\":\"WebPage\",\"@id\":\"https:\/\/tiendatool.com\/index.php\/product\/amoladora-angular-metabo-wepba-20-125-quick-ds-bl-6006430\/\",\"url\":\"https:\/\/tiendatool.com\/index.php\/product\/amoladora-angular-metabo-wepba-20-125-quick-ds-bl-6006430\/\",\"name\":\"Amoladora angular Metabo WEPBA 20-125 QUICK DS BL - Tienda Tool\",\"isPartOf\":{\"@id\":\"https:\/\/tiendatool.com\/#website\"},\"primaryImageOfPage\":{\"@id\":\"https:\/\/tiendatool.com\/index.php\/product\/amoladora-angular-metabo-wepba-20-125-quick-ds-bl-6006430\/#primaryimage\"},\"image\":{\"@id\":\"https:\/\/tiendatool.com\/index.php\/product\/amoladora-angular-metabo-wepba-20-125-quick-ds-bl-6006430\/#primaryimage\"},\"thumbnailUrl\":\"https:\/\/tiendatool.com\/wp-content\/uploads\/2026\/05\/image67dae459d8e7c-6006430.png\",\"datePublished\":\"2026-05-16T19:59:12+00:00\",\"dateModified\":\"-0001-11-30T00:00:00+00:00\",\"breadcrumb\":{\"@id\":\"https:\/\/tiendatool.com\/index.php\/product\/amoladora-angular-metabo-wepba-20-125-quick-ds-bl-6006430\/#breadcrumb\"},\"inLanguage\":\"es\",\"potentialAction\":[{\"@type\":\"ReadAction\",\"target\":[\"https:\/\/tiendatool.com\/index.php\/product\/amoladora-angular-metabo-wepba-20-125-quick-ds-bl-6006430\/\"]}]},{\"@type\":\"ImageObject\",\"inLanguage\":\"es\",\"@id\":\"https:\/\/tiendatool.com\/index.php\/product\/amoladora-angular-metabo-wepba-20-125-quick-ds-bl-6006430\/#primaryimage\",\"url\":\"https:\/\/tiendatool.com\/wp-content\/uploads\/2026\/05\/image67dae459d8e7c-6006430.png\",\"contentUrl\":\"https:\/\/tiendatool.com\/wp-content\/uploads\/2026\/05\/image67dae459d8e7c-6006430.png\",\"width\":600,\"height\":600},{\"@type\":\"BreadcrumbList\",\"@id\":\"https:\/\/tiendatool.com\/index.php\/product\/amoladora-angular-metabo-wepba-20-125-quick-ds-bl-6006430\/#breadcrumb\",\"itemListElement\":[{\"@type\":\"ListItem\",\"position\":1,\"name\":\"Portada\",\"item\":\"https:\/\/tiendatool.com\/\"},{\"@type\":\"ListItem\",\"position\":2,\"name\":\"Shop\",\"item\":\"https:\/\/tiendatool.com\/index.php\/shop\/\"},{\"@type\":\"ListItem\",\"position\":3,\"name\":\"Amoladora angular Metabo WEPBA 20-125 QUICK DS BL\"}]},{\"@type\":\"WebSite\",\"@id\":\"https:\/\/tiendatool.com\/#website\",\"url\":\"https:\/\/tiendatool.com\/\",\"name\":\"Tienda Tool\",\"description\":\"Todo el equipamiento que necesitas en Tienda Tool.\",\"alternateName\":\"Tienda Tool\",\"potentialAction\":[{\"@type\":\"SearchAction\",\"target\":{\"@type\":\"EntryPoint\",\"urlTemplate\":\"https:\/\/tiendatool.com\/?s={search_term_string}\"},\"query-input\":{\"@type\":\"PropertyValueSpecification\",\"valueRequired\":true,\"valueName\":\"search_term_string\"}}],\"inLanguage\":\"es\"}]}<\/script>\n<!-- \/ Yoast SEO plugin. -->","yoast_head_json":{"title":"Amoladora angular Metabo WEPBA 20-125 QUICK DS BL - Tienda Tool","robots":{"index":"index","follow":"follow","max-snippet":"max-snippet:-1","max-image-preview":"max-image-preview:large","max-video-preview":"max-video-preview:-1"},"canonical":"https:\/\/tiendatool.com\/index.php\/product\/amoladora-angular-metabo-wepba-20-125-quick-ds-bl-6006430\/","og_locale":"es_ES","og_type":"article","og_title":"Amoladora angular Metabo WEPBA 20-125 QUICK DS BL - Tienda Tool","og_description":"La amoladora angular de 2000W es ideal para uso industrial, esta amoladora cuenta con un motor sin escobillas Marathon Brushless que garantiza m\u00e1xima productividad y larga vida \u00fatil. Mantiene altas revoluciones bajo carga y permite cambiar discos r\u00e1pidamente sin herramientas con el sistema M-Quick. La empu\u00f1adura VibraTech reduce las vibraciones,&hellip;","og_url":"https:\/\/tiendatool.com\/index.php\/product\/amoladora-angular-metabo-wepba-20-125-quick-ds-bl-6006430\/","og_site_name":"Tienda Tool","article_modified_time":"-0001-11-30T00:00:00+00:00","og_image":[{"width":600,"height":600,"url":"https:\/\/tiendatool.com\/wp-content\/uploads\/2026\/05\/image67dae459d8e7c-6006430.png","type":"image\/png"}],"twitter_card":"summary_large_image","twitter_misc":{"Tiempo de lectura":"1 minuto"},"schema":{"@context":"https:\/\/schema.org","@graph":[{"@type":"WebPage","@id":"https:\/\/tiendatool.com\/index.php\/product\/amoladora-angular-metabo-wepba-20-125-quick-ds-bl-6006430\/","url":"https:\/\/tiendatool.com\/index.php\/product\/amoladora-angular-metabo-wepba-20-125-quick-ds-bl-6006430\/","name":"Amoladora angular Metabo WEPBA 20-125 QUICK DS BL - Tienda Tool","isPartOf":{"@id":"https:\/\/tiendatool.com\/#website"},"primaryImageOfPage":{"@id":"https:\/\/tiendatool.com\/index.php\/product\/amoladora-angular-metabo-wepba-20-125-quick-ds-bl-6006430\/#primaryimage"},"image":{"@id":"https:\/\/tiendatool.com\/index.php\/product\/amoladora-angular-metabo-wepba-20-125-quick-ds-bl-6006430\/#primaryimage"},"thumbnailUrl":"https:\/\/tiendatool.com\/wp-content\/uploads\/2026\/05\/image67dae459d8e7c-6006430.png","datePublished":"2026-05-16T19:59:12+00:00","dateModified":"-0001-11-30T00:00:00+00:00","breadcrumb":{"@id":"https:\/\/tiendatool.com\/index.php\/product\/amoladora-angular-metabo-wepba-20-125-quick-ds-bl-6006430\/#breadcrumb"},"inLanguage":"es","potentialAction":[{"@type":"ReadAction","target":["https:\/\/tiendatool.com\/index.php\/product\/amoladora-angular-metabo-wepba-20-125-quick-ds-bl-6006430\/"]}]},{"@type":"ImageObject","inLanguage":"es","@id":"https:\/\/tiendatool.com\/index.php\/product\/amoladora-angular-metabo-wepba-20-125-quick-ds-bl-6006430\/#primaryimage","url":"https:\/\/tiendatool.com\/wp-content\/uploads\/2026\/05\/image67dae459d8e7c-6006430.png","contentUrl":"https:\/\/tiendatool.com\/wp-content\/uploads\/2026\/05\/image67dae459d8e7c-6006430.png","width":600,"height":600},{"@type":"BreadcrumbList","@id":"https:\/\/tiendatool.com\/index.php\/product\/amoladora-angular-metabo-wepba-20-125-quick-ds-bl-6006430\/#breadcrumb","itemListElement":[{"@type":"ListItem","position":1,"name":"Portada","item":"https:\/\/tiendatool.com\/"},{"@type":"ListItem","position":2,"name":"Shop","item":"https:\/\/tiendatool.com\/index.php\/shop\/"},{"@type":"ListItem","position":3,"name":"Amoladora angular Metabo WEPBA 20-125 QUICK DS BL"}]},{"@type":"WebSite","@id":"https:\/\/tiendatool.com\/#website","url":"https:\/\/tiendatool.com\/","name":"Tienda Tool","description":"Todo el equipamiento que necesitas en Tienda Tool.","alternateName":"Tienda Tool","potentialAction":[{"@type":"SearchAction","target":{"@type":"EntryPoint","urlTemplate":"https:\/\/tiendatool.com\/?s={search_term_string}"},"query-input":{"@type":"PropertyValueSpecification","valueRequired":true,"valueName":"search_term_string"}}],"inLanguage":"es"}]}},"acf":[],"_links":{"self":[{"href":"https:\/\/tiendatool.com\/index.php\/wp-json\/wp\/v2\/product\/6490"}],"collection":[{"href":"https:\/\/tiendatool.com\/index.php\/wp-json\/wp\/v2\/product"}],"about":[{"href":"https:\/\/tiendatool.com\/index.php\/wp-json\/wp\/v2\/types\/product"}],"wp:featuredmedia":[{"embeddable":true,"href":"https:\/\/tiendatool.com\/index.php\/wp-json\/wp\/v2\/media\/7363"}],"wp:attachment":[{"href":"https:\/\/tiendatool.com\/index.php\/wp-json\/wp\/v2\/media?parent=6490"}],"wp:term":[{"taxonomy":"product_cat","embeddable":true,"href":"https:\/\/tiendatool.com\/index.php\/wp-json\/wp\/v2\/product_cat?post=6490"},{"taxonomy":"product_tag","embeddable":true,"href":"https:\/\/tiendatool.com\/index.php\/wp-json\/wp\/v2\/product_tag?post=6490"}],"curies":[{"name":"wp","href":"https:\/\/api.w.org\/{rel}","templated":true}]}}