{"id":6543,"date":"2026-05-16T16:59:13","date_gmt":"2026-05-16T19:59:13","guid":{"rendered":""},"modified":"-0001-11-30T00:00:00","modified_gmt":"-0001-11-30T03:00:00","slug":"sierra-circular-metabo-mks-18-ltx-bl-58-6007738","status":"publish","type":"product","link":"https:\/\/tiendatool.com\/index.php\/product\/sierra-circular-metabo-mks-18-ltx-bl-58-6007738\/","title":{"rendered":"Sierra circular Metabo MKS 18 LTX BL 58"},"content":{"rendered":"<p>Sierra eficiente y r\u00e1pida con motor Brushless. Ideal para cortar metales en fr\u00edo sin chispas ni rebabas. Incluye caja de recolecci\u00f3n de virutas para un entorno limpio.<br \/>\nConstrucci\u00f3n robusta, ligera y ergon\u00f3mica. Ventana de control y ajuste continuo de profundidad sin herramientas. Cambio r\u00e1pido de hoja y freno de marcha en inercia para mayor seguridad. Compatible con carriles gu\u00eda para cortes precisos. Incluye caja Metabox.<\/p>\n","protected":false},"excerpt":{"rendered":"<p>Sierra eficiente y r\u00e1pida con motor Brushless. Ideal para cortar metales en fr\u00edo sin chispas ni rebabas. Incluye caja de recolecci\u00f3n de virutas para un entorno limpio. Construcci\u00f3n robusta, ligera y ergon\u00f3mica. Ventana de control y ajuste continuo de profundidad sin herramientas. Cambio r\u00e1pido de hoja y freno de marcha&hellip;<\/p>\n","protected":false},"featured_media":7416,"template":"","meta":{"_acf_changed":false},"product_cat":[254],"product_tag":[],"yoast_head":"<!-- This site is optimized with the Yoast SEO plugin v23.5 - https:\/\/yoast.com\/wordpress\/plugins\/seo\/ -->\n<title>Sierra circular Metabo MKS 18 LTX BL 58 - Tienda Tool<\/title>\n<meta name=\"robots\" content=\"index, follow, max-snippet:-1, max-image-preview:large, max-video-preview:-1\" \/>\n<link rel=\"canonical\" href=\"https:\/\/tiendatool.com\/index.php\/product\/sierra-circular-metabo-mks-18-ltx-bl-58-6007738\/\" \/>\n<meta property=\"og:locale\" content=\"es_ES\" \/>\n<meta property=\"og:type\" content=\"article\" \/>\n<meta property=\"og:title\" content=\"Sierra circular Metabo MKS 18 LTX BL 58 - Tienda Tool\" \/>\n<meta property=\"og:description\" content=\"Sierra eficiente y r\u00e1pida con motor Brushless. Ideal para cortar metales en fr\u00edo sin chispas ni rebabas. Incluye caja de recolecci\u00f3n de virutas para un entorno limpio. Construcci\u00f3n robusta, ligera y ergon\u00f3mica. Ventana de control y ajuste continuo de profundidad sin herramientas. Cambio r\u00e1pido de hoja y freno de marcha&hellip;\" \/>\n<meta property=\"og:url\" content=\"https:\/\/tiendatool.com\/index.php\/product\/sierra-circular-metabo-mks-18-ltx-bl-58-6007738\/\" \/>\n<meta property=\"og:site_name\" content=\"Tienda Tool\" \/>\n<meta property=\"article:modified_time\" content=\"-0001-11-30T00:00:00+00:00\" \/>\n<meta property=\"og:image\" content=\"https:\/\/tiendatool.com\/wp-content\/uploads\/2026\/05\/6007738.png\" \/>\n\t<meta property=\"og:image:width\" content=\"600\" \/>\n\t<meta property=\"og:image:height\" content=\"600\" \/>\n\t<meta property=\"og:image:type\" content=\"image\/png\" \/>\n<meta name=\"twitter:card\" content=\"summary_large_image\" \/>\n<script type=\"application\/ld+json\" class=\"yoast-schema-graph\">{\"@context\":\"https:\/\/schema.org\",\"@graph\":[{\"@type\":\"WebPage\",\"@id\":\"https:\/\/tiendatool.com\/index.php\/product\/sierra-circular-metabo-mks-18-ltx-bl-58-6007738\/\",\"url\":\"https:\/\/tiendatool.com\/index.php\/product\/sierra-circular-metabo-mks-18-ltx-bl-58-6007738\/\",\"name\":\"Sierra circular Metabo MKS 18 LTX BL 58 - Tienda Tool\",\"isPartOf\":{\"@id\":\"https:\/\/tiendatool.com\/#website\"},\"primaryImageOfPage\":{\"@id\":\"https:\/\/tiendatool.com\/index.php\/product\/sierra-circular-metabo-mks-18-ltx-bl-58-6007738\/#primaryimage\"},\"image\":{\"@id\":\"https:\/\/tiendatool.com\/index.php\/product\/sierra-circular-metabo-mks-18-ltx-bl-58-6007738\/#primaryimage\"},\"thumbnailUrl\":\"https:\/\/tiendatool.com\/wp-content\/uploads\/2026\/05\/6007738.png\",\"datePublished\":\"2026-05-16T19:59:13+00:00\",\"dateModified\":\"-0001-11-30T00:00:00+00:00\",\"breadcrumb\":{\"@id\":\"https:\/\/tiendatool.com\/index.php\/product\/sierra-circular-metabo-mks-18-ltx-bl-58-6007738\/#breadcrumb\"},\"inLanguage\":\"es\",\"potentialAction\":[{\"@type\":\"ReadAction\",\"target\":[\"https:\/\/tiendatool.com\/index.php\/product\/sierra-circular-metabo-mks-18-ltx-bl-58-6007738\/\"]}]},{\"@type\":\"ImageObject\",\"inLanguage\":\"es\",\"@id\":\"https:\/\/tiendatool.com\/index.php\/product\/sierra-circular-metabo-mks-18-ltx-bl-58-6007738\/#primaryimage\",\"url\":\"https:\/\/tiendatool.com\/wp-content\/uploads\/2026\/05\/6007738.png\",\"contentUrl\":\"https:\/\/tiendatool.com\/wp-content\/uploads\/2026\/05\/6007738.png\",\"width\":600,\"height\":600},{\"@type\":\"BreadcrumbList\",\"@id\":\"https:\/\/tiendatool.com\/index.php\/product\/sierra-circular-metabo-mks-18-ltx-bl-58-6007738\/#breadcrumb\",\"itemListElement\":[{\"@type\":\"ListItem\",\"position\":1,\"name\":\"Portada\",\"item\":\"https:\/\/tiendatool.com\/\"},{\"@type\":\"ListItem\",\"position\":2,\"name\":\"Shop\",\"item\":\"https:\/\/tiendatool.com\/index.php\/shop\/\"},{\"@type\":\"ListItem\",\"position\":3,\"name\":\"Sierra circular Metabo MKS 18 LTX BL 58\"}]},{\"@type\":\"WebSite\",\"@id\":\"https:\/\/tiendatool.com\/#website\",\"url\":\"https:\/\/tiendatool.com\/\",\"name\":\"Tienda Tool\",\"description\":\"Todo el equipamiento que necesitas en Tienda Tool.\",\"alternateName\":\"Tienda Tool\",\"potentialAction\":[{\"@type\":\"SearchAction\",\"target\":{\"@type\":\"EntryPoint\",\"urlTemplate\":\"https:\/\/tiendatool.com\/?s={search_term_string}\"},\"query-input\":{\"@type\":\"PropertyValueSpecification\",\"valueRequired\":true,\"valueName\":\"search_term_string\"}}],\"inLanguage\":\"es\"}]}<\/script>\n<!-- \/ Yoast SEO plugin. -->","yoast_head_json":{"title":"Sierra circular Metabo MKS 18 LTX BL 58 - Tienda Tool","robots":{"index":"index","follow":"follow","max-snippet":"max-snippet:-1","max-image-preview":"max-image-preview:large","max-video-preview":"max-video-preview:-1"},"canonical":"https:\/\/tiendatool.com\/index.php\/product\/sierra-circular-metabo-mks-18-ltx-bl-58-6007738\/","og_locale":"es_ES","og_type":"article","og_title":"Sierra circular Metabo MKS 18 LTX BL 58 - Tienda Tool","og_description":"Sierra eficiente y r\u00e1pida con motor Brushless. Ideal para cortar metales en fr\u00edo sin chispas ni rebabas. Incluye caja de recolecci\u00f3n de virutas para un entorno limpio. Construcci\u00f3n robusta, ligera y ergon\u00f3mica. Ventana de control y ajuste continuo de profundidad sin herramientas. Cambio r\u00e1pido de hoja y freno de marcha&hellip;","og_url":"https:\/\/tiendatool.com\/index.php\/product\/sierra-circular-metabo-mks-18-ltx-bl-58-6007738\/","og_site_name":"Tienda Tool","article_modified_time":"-0001-11-30T00:00:00+00:00","og_image":[{"width":600,"height":600,"url":"https:\/\/tiendatool.com\/wp-content\/uploads\/2026\/05\/6007738.png","type":"image\/png"}],"twitter_card":"summary_large_image","schema":{"@context":"https:\/\/schema.org","@graph":[{"@type":"WebPage","@id":"https:\/\/tiendatool.com\/index.php\/product\/sierra-circular-metabo-mks-18-ltx-bl-58-6007738\/","url":"https:\/\/tiendatool.com\/index.php\/product\/sierra-circular-metabo-mks-18-ltx-bl-58-6007738\/","name":"Sierra circular Metabo MKS 18 LTX BL 58 - Tienda Tool","isPartOf":{"@id":"https:\/\/tiendatool.com\/#website"},"primaryImageOfPage":{"@id":"https:\/\/tiendatool.com\/index.php\/product\/sierra-circular-metabo-mks-18-ltx-bl-58-6007738\/#primaryimage"},"image":{"@id":"https:\/\/tiendatool.com\/index.php\/product\/sierra-circular-metabo-mks-18-ltx-bl-58-6007738\/#primaryimage"},"thumbnailUrl":"https:\/\/tiendatool.com\/wp-content\/uploads\/2026\/05\/6007738.png","datePublished":"2026-05-16T19:59:13+00:00","dateModified":"-0001-11-30T00:00:00+00:00","breadcrumb":{"@id":"https:\/\/tiendatool.com\/index.php\/product\/sierra-circular-metabo-mks-18-ltx-bl-58-6007738\/#breadcrumb"},"inLanguage":"es","potentialAction":[{"@type":"ReadAction","target":["https:\/\/tiendatool.com\/index.php\/product\/sierra-circular-metabo-mks-18-ltx-bl-58-6007738\/"]}]},{"@type":"ImageObject","inLanguage":"es","@id":"https:\/\/tiendatool.com\/index.php\/product\/sierra-circular-metabo-mks-18-ltx-bl-58-6007738\/#primaryimage","url":"https:\/\/tiendatool.com\/wp-content\/uploads\/2026\/05\/6007738.png","contentUrl":"https:\/\/tiendatool.com\/wp-content\/uploads\/2026\/05\/6007738.png","width":600,"height":600},{"@type":"BreadcrumbList","@id":"https:\/\/tiendatool.com\/index.php\/product\/sierra-circular-metabo-mks-18-ltx-bl-58-6007738\/#breadcrumb","itemListElement":[{"@type":"ListItem","position":1,"name":"Portada","item":"https:\/\/tiendatool.com\/"},{"@type":"ListItem","position":2,"name":"Shop","item":"https:\/\/tiendatool.com\/index.php\/shop\/"},{"@type":"ListItem","position":3,"name":"Sierra circular Metabo MKS 18 LTX BL 58"}]},{"@type":"WebSite","@id":"https:\/\/tiendatool.com\/#website","url":"https:\/\/tiendatool.com\/","name":"Tienda Tool","description":"Todo el equipamiento que necesitas en Tienda Tool.","alternateName":"Tienda Tool","potentialAction":[{"@type":"SearchAction","target":{"@type":"EntryPoint","urlTemplate":"https:\/\/tiendatool.com\/?s={search_term_string}"},"query-input":{"@type":"PropertyValueSpecification","valueRequired":true,"valueName":"search_term_string"}}],"inLanguage":"es"}]}},"acf":[],"_links":{"self":[{"href":"https:\/\/tiendatool.com\/index.php\/wp-json\/wp\/v2\/product\/6543"}],"collection":[{"href":"https:\/\/tiendatool.com\/index.php\/wp-json\/wp\/v2\/product"}],"about":[{"href":"https:\/\/tiendatool.com\/index.php\/wp-json\/wp\/v2\/types\/product"}],"wp:featuredmedia":[{"embeddable":true,"href":"https:\/\/tiendatool.com\/index.php\/wp-json\/wp\/v2\/media\/7416"}],"wp:attachment":[{"href":"https:\/\/tiendatool.com\/index.php\/wp-json\/wp\/v2\/media?parent=6543"}],"wp:term":[{"taxonomy":"product_cat","embeddable":true,"href":"https:\/\/tiendatool.com\/index.php\/wp-json\/wp\/v2\/product_cat?post=6543"},{"taxonomy":"product_tag","embeddable":true,"href":"https:\/\/tiendatool.com\/index.php\/wp-json\/wp\/v2\/product_tag?post=6543"}],"curies":[{"name":"wp","href":"https:\/\/api.w.org\/{rel}","templated":true}]}}